{"id":9386,"date":"2020-10-16T17:00:09","date_gmt":"2020-10-16T17:00:09","guid":{"rendered":"https:\/\/drmichellruiz.com\/?page_id=9386"},"modified":"2021-03-06T05:29:35","modified_gmt":"2021-03-06T05:29:35","slug":"arthroscopy","status":"publish","type":"page","link":"https:\/\/drmichellruiz.com\/en\/arthroscopy","title":{"rendered":"Arthroscopy"},"content":{"rendered":"<div class=\"wpb-content-wrapper\"><p>[vc_row content_placement=&#8221;top&#8221; bg_type=&#8221;bg_color&#8221; bg_override=&#8221;ex-full&#8221; seperator_enable=&#8221;seperator_enable_value&#8221; seperator_type=&#8221;tilt_left_seperator&#8221; seperator_svg_height=&#8221;5&#8243; seperator_shape_background=&#8221;#00bab5&#8243; bg_color_value=&#8221;#ffffff&#8221; css=&#8221;.vc_custom_1602728104708{margin-top: -100px !important;}&#8221;][vc_column][\/vc_column][\/vc_row][vc_row css_animation=&#8221;none&#8221; css=&#8221;.vc_custom_1602871861422{margin-right: 12px !important;margin-left: 12px !important;}&#8221;][vc_column width=&#8221;2\/3&#8243;]<div id=\"ultimate-heading-484169e7c85f02567\" class=\"uvc-heading ult-adjust-bottom-margin ultimate-heading-484169e7c85f02567 uvc-1197 \" data-hspacer=\"line_only\"  data-halign=\"left\" style=\"text-align:left\"><div class=\"uvc-main-heading ult-responsive\"  data-ultimate-target='.uvc-heading.ultimate-heading-484169e7c85f02567 h2'  data-responsive-json-new='{\"font-size\":\"\",\"line-height\":\"\"}' ><h2 style=\"font-weight:bold;color:#598aaf;\">ARTHROSCOPY PROCEDURE<\/h2><\/div><div class=\"uvc-heading-spacer line_only\" style=\"topheight:4px;\"><span class=\"uvc-headings-line\" style=\"border-style:solid;border-bottom-width:4px;border-color:#00bab5;width:150px;\"><\/span><\/div><\/div>[vc_empty_space][vc_column_text]<\/p>\n<h4 style=\"text-align: left;\">Arthroscopy is a procedure for diagnosing and treating joint problems.<\/h4>\n<h4 style=\"text-align: left;\">Arthroscopy allows the surgeon to see inside your joint without making a large incision. Surgeons can even repair some types of joint damage during arthroscopy, with pencil-thin surgical instruments inserted through additional small incisions.<\/h4>\n<p>[\/vc_column_text][\/vc_column][vc_column width=&#8221;1\/3&#8243;][vc_video link=&#8221;https:\/\/youtu.be\/h8CTq93TPQk&#8221; align=&#8221;center&#8221; css_animation=&#8221;fadeInRight&#8221;][\/vc_column][\/vc_row][vc_row css=&#8221;.vc_custom_1602866334733{margin-right: 12px !important;margin-left: 12px !important;}&#8221;][vc_column]<div id=\"ultimate-heading-245569e7c85f025d0\" class=\"uvc-heading ult-adjust-bottom-margin ultimate-heading-245569e7c85f025d0 uvc-3311 \" data-hspacer=\"line_only\"  data-halign=\"right\" style=\"text-align:right\"><div class=\"uvc-main-heading ult-responsive\"  data-ultimate-target='.uvc-heading.ultimate-heading-245569e7c85f025d0 h2'  data-responsive-json-new='{\"font-size\":\"\",\"line-height\":\"\"}' ><h2 style=\"font-weight:bold;color:#598aaf;\">HOW ARTHROSCOPY IS PERFORMED<\/h2><\/div><div class=\"uvc-heading-spacer line_only\" style=\"topheight:4px;\"><span class=\"uvc-headings-line\" style=\"border-style:solid;border-bottom-width:4px;border-color:#00bab5;width:220px;\"><\/span><\/div><\/div>[vc_empty_space][vc_column_text]<\/p>\n<h4 style=\"text-align: left;\">A surgeon inserts a narrow tube attached to a fiber-optic video camera through a small incision \u2014 about the size of a buttonhole. The view inside your joint is transmitted to a high-definition video monitor.<\/h4>\n<h4 style=\"text-align: left;\">The type of anesthesia used varies by procedure (Local anesthesia, Regional anesthesia or General anesthesia<strong>).<\/strong><\/h4>\n<p>[\/vc_column_text][\/vc_column][\/vc_row][vc_row css=&#8221;.vc_custom_1602866474701{margin-right: 12px !important;margin-left: 12px !important;}&#8221;][vc_column][vc_empty_space][vc_column_text css_animation=&#8221;fadeInRight&#8221; css=&#8221;.vc_custom_1614130372048{border-top-width: 3px !important;border-right-width: 3px !important;border-bottom-width: 3px !important;border-left-width: 3px !important;padding-top: 25px !important;padding-right: 18px !important;padding-bottom: 25px !important;padding-left: 18px !important;background-color: #ffffff !important;background-position: center !important;background-repeat: no-repeat !important;background-size: contain !important;border-left-color: #00bab5 !important;border-left-style: solid !important;border-right-color: #00bab5 !important;border-right-style: solid !important;border-top-color: #00bab5 !important;border-top-style: solid !important;border-bottom-color: #00bab5 !important;border-bottom-style: solid !important;border-radius: 5px !important;}&#8221;]<\/p>\n<h4>The Benefits of Arthroscopy<\/h4>\n<p><strong>Lower Risk of Complications:<\/strong> The smaller incisions made during an arthroscopic procedure mean that there is a lower chance of an infection.<br \/>\n<strong>Faster Recovery Time: <\/strong>Your incisions will heal within a day or two of your operation and you will likely be able to return to your daily activities shortly afterward. Arthroscopy is almost always performed as an outpatient procedure.<br \/>\n<strong>Less Post-Operative Pain: <\/strong>Alongside a faster recovery, arthroscopic surgery often results in less pain during the first few days following the procedure.[\/vc_column_text][\/vc_column][\/vc_row][vc_row css=&#8221;.vc_custom_1602866474701{margin-right: 12px !important;margin-left: 12px !important;}&#8221;][vc_column]<div id=\"ultimate-heading-215769e7c85f0260d\" class=\"uvc-heading ult-adjust-bottom-margin ultimate-heading-215769e7c85f0260d uvc-6732 \" data-hspacer=\"line_only\"  data-halign=\"left\" style=\"text-align:left\"><div class=\"uvc-main-heading ult-responsive\"  data-ultimate-target='.uvc-heading.ultimate-heading-215769e7c85f0260d h2'  data-responsive-json-new='{\"font-size\":\"\",\"line-height\":\"\"}' ><h2 style=\"font-weight:bold;color:#598aaf;\">WHY IT'S USED<\/h2><\/div><div class=\"uvc-heading-spacer line_only\" style=\"topheight:4px;\"><span class=\"uvc-headings-line\" style=\"border-style:solid;border-bottom-width:4px;border-color:#00bab5;width:220px;\"><\/span><\/div><\/div>[vc_empty_space][vc_column_text]<\/p>\n<h4>An arthroscopy might be recommended if you have problems such as persistent joint pain, swelling or stiffness, and scans have not been able to identify the cause.<\/h4>\n<h4>An arthroscopy can also be used to treat a range of joint problems and conditions. For example, it can be used to:<\/h4>\n<ul>\n<li>repair damaged cartilage<\/li>\n<li>remove fragments of loose bone or cartilage<\/li>\n<li>drain away any excess fluid<\/li>\n<li>treat\u00a0conditions such as\u00a0Arthritis, frozen shoulder<\/li>\n<\/ul>\n<p>[\/vc_column_text][\/vc_column][\/vc_row][vc_row content_placement=&#8221;bottom&#8221; css_animation=&#8221;fadeInUp&#8221; bg_type=&#8221;bg_color&#8221; bg_override=&#8221;full&#8221; seperator_enable=&#8221;seperator_enable_value&#8221; seperator_type=&#8221;tilt_left_seperator&#8221; seperator_position=&#8221;bottom_seperator&#8221; seperator_svg_height=&#8221;4&#8243; seperator_shape_background=&#8221;#00bab5&#8243; bg_color_value=&#8221;#598aaf&#8221; css=&#8221;.vc_custom_1602728975088{margin-bottom: -60px !important;}&#8221;][vc_column][vc_column_text]<\/p>\n<h4 class=\" \" style=\"text-align: center;\"><span style=\"color: #ffffff;\"><strong>Hospital \u00c1ngeles Metropolitano &#8211; M\u00e9xico City<\/strong><\/span><\/h4>\n<h4 class=\" \" style=\"text-align: center;\"><span style=\"color: #ffffff;\"><strong>Phone (+52) (55) 55.64.28.70<\/strong><\/span><\/h4>\n<p>[\/vc_column_text]\r\n\t\t\t<div class=\"ult_dual_button  ult-adjust-bottom-margin to-center  \"  data-response=\"on\" id=\"ult_btn_2160353600\">\r\n\r\n\t\t\t<div id=\"dualbtn-2815\" class=\"ulitmate_dual_buttons ult-dual-btn ult_main_dualbtn \" data-bcolor=\"#ffffff\"data-bhcolor=\"\">\r\n\r\n\t\t\t<div class=\"ult_dualbutton-wrapper btn-inline place-template bt1 \"><a href=\"https:\/\/drmichellruiz.com\/en\/contact\" title=\"Contact\"  class=\"ult_ivan_button round-square with-icon icon-before with-text place-template ult_dual1\" style=\";margin-right:px;;background-color:#00bab5 !important;; border-color:#ffffff;border-style:solid;border-width:2px;border-radius:2px;;\">\r\n\t\t\t<span class=\"ult-dual-btn-1 Style 1\" style=\"\"  data-bgcolor=\"#00bab5\" data-bghovercolor=\"#00d6cf\" data-icon_color=\"#333333\" data-icon_hover_color=\"#333333\" data-textcolor=\"#ffffff\" data-texthovercolor=\"#000000\" data-iconbgcolor=\"transperent\" data-iconbghovercolor=\"transperent\" data-iconborder=\"transperent\" data-iconhoverborder=\"transperent\" >\r\n\t\t\t<span class=\"icon-simple icon-left1 ult_btn1span ult-dual-btn-no-icon\"  style=\";padding-left:0px; \"><\/span>\r\n\t\t\t<span class=\"text-btn ult-dual-button-title ult-responsive\"  data-ultimate-target='#dualbtn-2815 .ult-dual-button-title'  data-responsive-json-new='{\"font-size\":\"desktop:15px;\",\"line-height\":\"desktop:15px;\"}'  style=\"font-weight:bold;color:#ffffff;\">OUR LOCATION - VIEW MAP<\/span>\r\n\r\n\t\t\t<\/span>\r\n\t\t\t<\/a><span class=\"middle-text\" style=\"line-height: 1.8em;color:#ffffff;background-color:#000000;border-width:0px;\">\r\n\t\t\t<span class=\"middle-inner\"  >-<\/span>\r\n\t\t\t<\/span>\r\n\r\n\t\t\t<\/div>\r\n\r\n\t\t\t<div class=\"ult_dualbutton-wrapper btn-inline place-template btn2 \"><a href=\"https:\/\/bit.ly\/3ehCRa2\" target=\"_blank\" rel=\"noopener\"  class=\"ult_ivan_button round-square with-icon icon-after with-text place-template ult_dual2\"  style=\";background-color:#00bab5 !important;;margin-left:px;;border-color:#ffffff;border-style:solid;border-width:2px;border-radius:2px;\">\r\n\t\t\t<span class=\"ult-dual-btn-2 Style 1\"  data-bgcolor=\"#00bab5\" data-bghovercolor=\"#00d6cf\" data-icon_color=\"#333333\" data-icon_hover_color=\"#333333\" data-textcolor=\"#ffffff\" data-texthovercolor=\"#000000\" data-iconbgcolor=\"transperent\" data-iconbghovercolor=\"transperent\" data-iconborder=\"transperent\" data-iconhoverborder=\"transperent\" >\r\n\t\t\t<span class=\"text-btn ult-dual-button-title\" style=\"font-weight:bold;color:#ffffff;\">SCHEDULE AN APPOINTMENT<\/span>\r\n\r\n\t\t\t<span class=\"icon-simple icon-right2 ult_btn1span ult-dual-btn-no-icon\"  style=\";padding-left:0px; \"><\/span>\r\n\t\t\t<\/span>\r\n\t\t\t<\/a><\/div>\r\n\t\t\t<\/div>\r\n\t\t\t<\/div>[\/vc_column][\/vc_row]<\/p>\n<\/div>","protected":false},"excerpt":{"rendered":"<p>[vc_row content_placement=&#8221;top&#8221; bg_type=&#8221;bg_color&#8221; bg_override=&#8221;ex-full&#8221; seperator_enable=&#8221;seperator_enable_value&#8221; seperator_type=&#8221;tilt_left_seperator&#8221; seperator_svg_height=&#8221;5&#8243; seperator_shape_background=&#8221;#00bab5&#8243; bg_color_value=&#8221;#ffffff&#8221; css=&#8221;.vc_custom_1602728104708{margin-top: -100px !important;}&#8221;][vc_column][\/vc_column][\/vc_row][vc_row css_animation=&#8221;none&#8221; css=&#8221;.vc_custom_1602871861422{margin-right: 12px !important;margin-left: 12px !important;}&#8221;][vc_column width=&#8221;2\/3&#8243;][vc_empty_space][vc_column_text] Arthroscopy is a procedure for diagnosing and treating joint problems. Arthroscopy allows the surgeon to see inside your joint without making a large incision. Surgeons can even repair some types of joint damage during arthroscopy, with [&hellip;]<\/p>\n","protected":false},"author":1,"featured_media":0,"parent":0,"menu_order":0,"comment_status":"closed","ping_status":"closed","template":"","meta":{"footnotes":""},"yoast_head":"<!-- This site is optimized with the Yoast SEO plugin v21.7 - https:\/\/yoast.com\/wordpress\/plugins\/seo\/ -->\n<title>Arthroscopy - Dr Michell Ruiz - Orthopedics, Sports Medicine &amp; Joint Replacement. M\u00e9xico City. Hospital \u00c1ngeles Metropolitano.<\/title>\n<meta name=\"description\" content=\"Dr Michell Ruiz - Especialista en Hombro, Codo, Rodilla. Ciudad de M\u00e9xico. Hospital \u00c1ngeles Metropolitano.\" \/>\n<meta name=\"robots\" content=\"index, follow, max-snippet:-1, max-image-preview:large, max-video-preview:-1\" \/>\n<link rel=\"canonical\" href=\"https:\/\/drmichellruiz.com\/en\/arthroscopy\" \/>\n<meta property=\"og:locale\" content=\"en_US\" \/>\n<meta property=\"og:type\" content=\"article\" \/>\n<meta property=\"og:title\" content=\"Arthroscopy - Dr Michell Ruiz - Orthopedics, Sports Medicine &amp; Joint Replacement. M\u00e9xico City. Hospital \u00c1ngeles Metropolitano.\" \/>\n<meta property=\"og:description\" content=\"Dr Michell Ruiz - Especialista en Hombro, Codo, Rodilla. Ciudad de M\u00e9xico. Hospital \u00c1ngeles Metropolitano.\" \/>\n<meta property=\"og:url\" content=\"https:\/\/drmichellruiz.com\/en\/arthroscopy\" \/>\n<meta property=\"og:site_name\" content=\"Dr Michell Ruiz - Orthopedics, Sports Medicine &amp; Joint Replacement. M\u00e9xico City. Hospital \u00c1ngeles Metropolitano.\" \/>\n<meta property=\"article:publisher\" content=\"https:\/\/www.facebook.com\/drmichellruiz\/\" \/>\n<meta property=\"article:modified_time\" content=\"2021-03-06T05:29:35+00:00\" \/>\n<meta name=\"twitter:card\" content=\"summary_large_image\" \/>\n<meta name=\"twitter:site\" content=\"@drmichellruiz\" \/>\n<meta name=\"twitter:label1\" content=\"Est. reading time\" \/>\n\t<meta name=\"twitter:data1\" content=\"2 minutes\" \/>\n<script type=\"application\/ld+json\" class=\"yoast-schema-graph\">{\"@context\":\"https:\/\/schema.org\",\"@graph\":[{\"@type\":\"WebPage\",\"@id\":\"https:\/\/drmichellruiz.com\/en\/arthroscopy\",\"url\":\"https:\/\/drmichellruiz.com\/en\/arthroscopy\",\"name\":\"Arthroscopy - Dr Michell Ruiz - Orthopedics, Sports Medicine & Joint Replacement. M\u00e9xico City. Hospital \u00c1ngeles Metropolitano.\",\"isPartOf\":{\"@id\":\"https:\/\/drmichellruiz.com\/en\/#website\"},\"datePublished\":\"2020-10-16T17:00:09+00:00\",\"dateModified\":\"2021-03-06T05:29:35+00:00\",\"description\":\"Dr Michell Ruiz - Especialista en Hombro, Codo, Rodilla. Ciudad de M\u00e9xico. Hospital \u00c1ngeles Metropolitano.\",\"breadcrumb\":{\"@id\":\"https:\/\/drmichellruiz.com\/en\/arthroscopy#breadcrumb\"},\"inLanguage\":\"en-US\",\"potentialAction\":[{\"@type\":\"ReadAction\",\"target\":[\"https:\/\/drmichellruiz.com\/en\/arthroscopy\"]}]},{\"@type\":\"BreadcrumbList\",\"@id\":\"https:\/\/drmichellruiz.com\/en\/arthroscopy#breadcrumb\",\"itemListElement\":[{\"@type\":\"ListItem\",\"position\":1,\"name\":\"Portada\",\"item\":\"https:\/\/drmichellruiz.com\/en\"},{\"@type\":\"ListItem\",\"position\":2,\"name\":\"Arthroscopy\"}]},{\"@type\":\"WebSite\",\"@id\":\"https:\/\/drmichellruiz.com\/en\/#website\",\"url\":\"https:\/\/drmichellruiz.com\/en\/\",\"name\":\"Dr Michell Ruiz - Orthopedics, Sports Medicine & Joint Replacement. M\u00e9xico City. Hospital \u00c1ngeles Metropolitano.\",\"description\":\"Shoulder Specialty. Elbow Specialty. Knee Specialty. Hip Specialty. Arthroscopy. Sports Medicine\",\"potentialAction\":[{\"@type\":\"SearchAction\",\"target\":{\"@type\":\"EntryPoint\",\"urlTemplate\":\"https:\/\/drmichellruiz.com\/en\/?s={search_term_string}\"},\"query-input\":\"required name=search_term_string\"}],\"inLanguage\":\"en-US\"}]}<\/script>\n<!-- \/ Yoast SEO plugin. -->","yoast_head_json":{"title":"Arthroscopy - Dr Michell Ruiz - Orthopedics, Sports Medicine & Joint Replacement. M\u00e9xico City. Hospital \u00c1ngeles Metropolitano.","description":"Dr Michell Ruiz - Especialista en Hombro, Codo, Rodilla. Ciudad de M\u00e9xico. Hospital \u00c1ngeles Metropolitano.","robots":{"index":"index","follow":"follow","max-snippet":"max-snippet:-1","max-image-preview":"max-image-preview:large","max-video-preview":"max-video-preview:-1"},"canonical":"https:\/\/drmichellruiz.com\/en\/arthroscopy","og_locale":"en_US","og_type":"article","og_title":"Arthroscopy - Dr Michell Ruiz - Orthopedics, Sports Medicine & Joint Replacement. M\u00e9xico City. Hospital \u00c1ngeles Metropolitano.","og_description":"Dr Michell Ruiz - Especialista en Hombro, Codo, Rodilla. Ciudad de M\u00e9xico. Hospital \u00c1ngeles Metropolitano.","og_url":"https:\/\/drmichellruiz.com\/en\/arthroscopy","og_site_name":"Dr Michell Ruiz - Orthopedics, Sports Medicine & Joint Replacement. M\u00e9xico City. Hospital \u00c1ngeles Metropolitano.","article_publisher":"https:\/\/www.facebook.com\/drmichellruiz\/","article_modified_time":"2021-03-06T05:29:35+00:00","twitter_card":"summary_large_image","twitter_site":"@drmichellruiz","twitter_misc":{"Est. reading time":"2 minutes"},"schema":{"@context":"https:\/\/schema.org","@graph":[{"@type":"WebPage","@id":"https:\/\/drmichellruiz.com\/en\/arthroscopy","url":"https:\/\/drmichellruiz.com\/en\/arthroscopy","name":"Arthroscopy - Dr Michell Ruiz - Orthopedics, Sports Medicine & Joint Replacement. M\u00e9xico City. Hospital \u00c1ngeles Metropolitano.","isPartOf":{"@id":"https:\/\/drmichellruiz.com\/en\/#website"},"datePublished":"2020-10-16T17:00:09+00:00","dateModified":"2021-03-06T05:29:35+00:00","description":"Dr Michell Ruiz - Especialista en Hombro, Codo, Rodilla. Ciudad de M\u00e9xico. Hospital \u00c1ngeles Metropolitano.","breadcrumb":{"@id":"https:\/\/drmichellruiz.com\/en\/arthroscopy#breadcrumb"},"inLanguage":"en-US","potentialAction":[{"@type":"ReadAction","target":["https:\/\/drmichellruiz.com\/en\/arthroscopy"]}]},{"@type":"BreadcrumbList","@id":"https:\/\/drmichellruiz.com\/en\/arthroscopy#breadcrumb","itemListElement":[{"@type":"ListItem","position":1,"name":"Portada","item":"https:\/\/drmichellruiz.com\/en"},{"@type":"ListItem","position":2,"name":"Arthroscopy"}]},{"@type":"WebSite","@id":"https:\/\/drmichellruiz.com\/en\/#website","url":"https:\/\/drmichellruiz.com\/en\/","name":"Dr Michell Ruiz - Orthopedics, Sports Medicine & Joint Replacement. M\u00e9xico City. Hospital \u00c1ngeles Metropolitano.","description":"Shoulder Specialty. Elbow Specialty. Knee Specialty. Hip Specialty. Arthroscopy. Sports Medicine","potentialAction":[{"@type":"SearchAction","target":{"@type":"EntryPoint","urlTemplate":"https:\/\/drmichellruiz.com\/en\/?s={search_term_string}"},"query-input":"required name=search_term_string"}],"inLanguage":"en-US"}]}},"_links":{"self":[{"href":"https:\/\/drmichellruiz.com\/en\/wp-json\/wp\/v2\/pages\/9386"}],"collection":[{"href":"https:\/\/drmichellruiz.com\/en\/wp-json\/wp\/v2\/pages"}],"about":[{"href":"https:\/\/drmichellruiz.com\/en\/wp-json\/wp\/v2\/types\/page"}],"author":[{"embeddable":true,"href":"https:\/\/drmichellruiz.com\/en\/wp-json\/wp\/v2\/users\/1"}],"replies":[{"embeddable":true,"href":"https:\/\/drmichellruiz.com\/en\/wp-json\/wp\/v2\/comments?post=9386"}],"version-history":[{"count":38,"href":"https:\/\/drmichellruiz.com\/en\/wp-json\/wp\/v2\/pages\/9386\/revisions"}],"predecessor-version":[{"id":10236,"href":"https:\/\/drmichellruiz.com\/en\/wp-json\/wp\/v2\/pages\/9386\/revisions\/10236"}],"wp:attachment":[{"href":"https:\/\/drmichellruiz.com\/en\/wp-json\/wp\/v2\/media?parent=9386"}],"curies":[{"name":"wp","href":"https:\/\/api.w.org\/{rel}","templated":true}]}}