{"id":9508,"date":"2021-02-17T00:26:40","date_gmt":"2021-02-17T00:26:40","guid":{"rendered":"https:\/\/drmichellruiz.com\/?page_id=9508"},"modified":"2021-03-06T05:29:00","modified_gmt":"2021-03-06T05:29:00","slug":"arthroplasty","status":"publish","type":"page","link":"https:\/\/drmichellruiz.com\/en\/arthroplasty","title":{"rendered":"Arthroplasty"},"content":{"rendered":"<div class=\"wpb-content-wrapper\"><p>[vc_row content_placement=&#8221;top&#8221; bg_type=&#8221;bg_color&#8221; bg_override=&#8221;ex-full&#8221; seperator_enable=&#8221;seperator_enable_value&#8221; seperator_type=&#8221;tilt_left_seperator&#8221; seperator_svg_height=&#8221;5&#8243; seperator_shape_background=&#8221;#00bab5&#8243; bg_color_value=&#8221;#ffffff&#8221; css=&#8221;.vc_custom_1602728104708{margin-top: -100px !important;}&#8221;][vc_column][\/vc_column][\/vc_row][vc_row css=&#8221;.vc_custom_1602866455765{margin-right: 12px !important;margin-left: 12px !important;}&#8221;][vc_column width=&#8221;2\/3&#8243;]<div id=\"ultimate-heading-940769e7b3e52f9cd\" class=\"uvc-heading ult-adjust-bottom-margin ultimate-heading-940769e7b3e52f9cd uvc-4777 \" data-hspacer=\"line_only\"  data-halign=\"left\" style=\"text-align:left\"><div class=\"uvc-main-heading ult-responsive\"  data-ultimate-target='.uvc-heading.ultimate-heading-940769e7b3e52f9cd h2'  data-responsive-json-new='{\"font-size\":\"\",\"line-height\":\"\"}' ><h2 style=\"font-weight:bold;color:#598aaf;\">WHAT IS ARTHROPLASTY?<\/h2><\/div><div class=\"uvc-heading-spacer line_only\" style=\"topheight:4px;\"><span class=\"uvc-headings-line\" style=\"border-style:solid;border-bottom-width:4px;border-color:#00bab5;width:150px;\"><\/span><\/div><\/div>[vc_empty_space][vc_column_text]<\/p>\n<h4 style=\"text-align: left;\">Arthroplasty is a surgical procedure to restore the function of a joint. A joint can be restored by resurfacing the bones. An artificial joint (called a prosthesis) may also be used.<\/h4>\n<p>[\/vc_column_text][vc_column_text css_animation=&#8221;fadeInLeft&#8221; css=&#8221;.vc_custom_1614298029393{border-top-width: 3px !important;border-right-width: 3px !important;border-bottom-width: 3px !important;border-left-width: 3px !important;padding-top: 12px !important;padding-right: 12px !important;padding-bottom: 12px !important;padding-left: 12px !important;background-position: center !important;background-repeat: no-repeat !important;background-size: contain !important;border-left-color: #00bab5 !important;border-left-style: solid !important;border-right-color: #00bab5 !important;border-right-style: solid !important;border-top-color: #00bab5 !important;border-top-style: solid !important;border-bottom-color: #00bab5 !important;border-bottom-style: solid !important;border-radius: 3px !important;}&#8221;]<\/p>\n<h2 style=\"text-align: center;\"><em>Arthroplasty and Joint Replacement are the same procedure.\u00a0<\/em><\/h2>\n<p>[\/vc_column_text][\/vc_column][vc_column width=&#8221;1\/3&#8243;]<div class=\"ult-new-ib ult-ib-effect-style10  ult-ib-resp  \" data-min-width=\"768\" data-max-width=\"900\" style=\"background:#7cbebf;\" data-opacity=\"1\" data-hover-opacity=\"0.3\" ><img decoding=\"async\" class=\"ult-new-ib-img\" style=\"opacity:1;\" alt=\"null\" src=\"https:\/\/drmichellruiz.com\/wp-content\/uploads\/2017\/11\/protesis_anatomica_hombro_images_articulos_thumb_medium250_0.png\"   \/><div id=\"interactive-banner-wrap-5657\" class=\"ult-new-ib-desc\" style=\"\"><h4 class=\"ult-new-ib-title ult-responsive\"  data-ultimate-target='#interactive-banner-wrap-5657 .ult-new-ib-title'  data-responsive-json-new='{\"font-size\":\"\",\"line-height\":\"\"}'  style=\"font-weight:bold;\"><\/h4><div class=\"ult-new-ib-content ult-responsive\"  data-ultimate-target='#interactive-banner-wrap-5657 .ult-new-ib-content'  data-responsive-json-new='{\"font-size\":\"\",\"line-height\":\"\"}'  style=\"font-weight:bold;color:#ffffff;\"><p>In a reverse shoulder replacement, the normal ball-and-socket structure is reversed. An artificial ball is attached to the shoulder blade. An artificial socket is attached to the top of the arm bone. The large deltoid muscle that covers the shoulder is typically able to move the arm.<\/p><\/div><\/div><\/div><script type=\"text\/javascript\">\r\n\t\t\t(function($){\r\n\t\t\t\t$(document).ready(function(){\r\n\t\t\t\t\t$(\".ult-new-ib\").css(\"opacity\",\"1\");\r\n\t\t\t\t});\r\n\t\t\t})(jQuery);\r\n\t\t\t<\/script>[\/vc_column][\/vc_row][vc_row css=&#8221;.vc_custom_1602866334733{margin-right: 12px !important;margin-left: 12px !important;}&#8221;][vc_column]<div id=\"ultimate-heading-634869e7b3e52fd41\" class=\"uvc-heading ult-adjust-bottom-margin ultimate-heading-634869e7b3e52fd41 uvc-1351 \" data-hspacer=\"line_only\"  data-halign=\"right\" style=\"text-align:right\"><div class=\"uvc-main-heading ult-responsive\"  data-ultimate-target='.uvc-heading.ultimate-heading-634869e7b3e52fd41 h2'  data-responsive-json-new='{\"font-size\":\"\",\"line-height\":\"\"}' ><h2 style=\"font-weight:bold;color:#598aaf;\">HOW IS ARTHROPLASTY DONE?<\/h2><\/div><div class=\"uvc-heading-spacer line_only\" style=\"topheight:4px;\"><span class=\"uvc-headings-line\" style=\"border-style:solid;border-bottom-width:4px;border-color:#00bab5;width:220px;\"><\/span><\/div><\/div>[vc_empty_space][vc_column_text]<\/p>\n<h4>Depending on the severity of the problem with the joint and other factors, resection arthroplasty, interpositional arthroplasty or total joint arthroplasty may be performed.<\/h4>\n<h4>In resection arthroplasty, the orthopedic surgeon removes a minimal amount of tissue surrounding the joint in an attempt to restore joint function. This may be successful as a first surgical treatment or interpositional arthroplasty can be done.<\/h4>\n<h4>During interpositional arthroplasty the joint is surgically reshaped and, to provide better contact between the sides of the joint, a material (such as metal, plastic, ceramic or the patient\u2019s own soft tissue) is positioned at the site where the joint articulates.<\/h4>\n<h4>Total joint arthroplasty is a surgical procedure that replaces or treats both sides of the joint articulation or the total joint. Hemiarthroplasty is performed to treat a problem with just one side of a joint. Total joint arthroplasty is typically indicated after a conservative, nonoperative course of therapy has failed.<\/h4>\n<p>[\/vc_column_text][\/vc_column][\/vc_row][vc_row css=&#8221;.vc_custom_1602866474701{margin-right: 12px !important;margin-left: 12px !important;}&#8221;][vc_column]<div id=\"ultimate-heading-167469e7b3e52ff01\" class=\"uvc-heading ult-adjust-bottom-margin ultimate-heading-167469e7b3e52ff01 uvc-8747 \" data-hspacer=\"line_only\"  data-halign=\"left\" style=\"text-align:left\"><div class=\"uvc-main-heading ult-responsive\"  data-ultimate-target='.uvc-heading.ultimate-heading-167469e7b3e52ff01 h2'  data-responsive-json-new='{\"font-size\":\"\",\"line-height\":\"\"}' ><h2 style=\"font-weight:bold;color:#598aaf;\">WHY MIGHT YOU NEED ARTHOPLASTY?<\/h2><\/div><div class=\"uvc-heading-spacer line_only\" style=\"topheight:4px;\"><span class=\"uvc-headings-line\" style=\"border-style:solid;border-bottom-width:4px;border-color:#00bab5;width:220px;\"><\/span><\/div><\/div>[vc_empty_space][vc_column_text]<\/p>\n<h4>Various types of arthritis may affect the joints. Osteoarthritis, or degenerative joint disease, is a loss of the cartilage or cushion in a joint, and is the most common reason for arthroplasty.<\/h4>\n<p>[\/vc_column_text][\/vc_column][\/vc_row][vc_row content_placement=&#8221;bottom&#8221; css_animation=&#8221;fadeInUp&#8221; bg_type=&#8221;bg_color&#8221; bg_override=&#8221;full&#8221; seperator_enable=&#8221;seperator_enable_value&#8221; seperator_type=&#8221;tilt_left_seperator&#8221; seperator_position=&#8221;bottom_seperator&#8221; seperator_svg_height=&#8221;4&#8243; seperator_shape_background=&#8221;#00bab5&#8243; bg_color_value=&#8221;#598aaf&#8221; css=&#8221;.vc_custom_1602728975088{margin-bottom: -60px !important;}&#8221;][vc_column][vc_column_text]<\/p>\n<h4 class=\" \" style=\"text-align: center;\"><span style=\"color: #ffffff;\"><strong>Hospital \u00c1ngeles Metropolitano &#8211; M\u00e9xico City<\/strong><\/span><\/h4>\n<h4 class=\" \" style=\"text-align: center;\"><span style=\"color: #ffffff;\"><strong>Phone (+52) (55) 55.64.28.70<\/strong><\/span><\/h4>\n<p>[\/vc_column_text]\r\n\t\t\t<div class=\"ult_dual_button  ult-adjust-bottom-margin to-center  \"  data-response=\"on\" id=\"ult_btn_3912534543\">\r\n\r\n\t\t\t<div id=\"dualbtn-4453\" class=\"ulitmate_dual_buttons ult-dual-btn ult_main_dualbtn \" data-bcolor=\"#ffffff\"data-bhcolor=\"\">\r\n\r\n\t\t\t<div class=\"ult_dualbutton-wrapper btn-inline place-template bt1 \"><a href=\"https:\/\/drmichellruiz.com\/en\/contact\" title=\"Contacto\"  class=\"ult_ivan_button round-square with-icon icon-before with-text place-template ult_dual1\" style=\";margin-right:px;;background-color:#00bab5 !important;; border-color:#ffffff;border-style:solid;border-width:2px;border-radius:2px;;\">\r\n\t\t\t<span class=\"ult-dual-btn-1 Style 1\" style=\"\"  data-bgcolor=\"#00bab5\" data-bghovercolor=\"#00d6cf\" data-icon_color=\"#333333\" data-icon_hover_color=\"#333333\" data-textcolor=\"#ffffff\" data-texthovercolor=\"#000000\" data-iconbgcolor=\"transperent\" data-iconbghovercolor=\"transperent\" data-iconborder=\"transperent\" data-iconhoverborder=\"transperent\" >\r\n\t\t\t<span class=\"icon-simple icon-left1 ult_btn1span ult-dual-btn-no-icon\"  style=\";padding-left:0px; \"><\/span>\r\n\t\t\t<span class=\"text-btn ult-dual-button-title ult-responsive\"  data-ultimate-target='#dualbtn-4453 .ult-dual-button-title'  data-responsive-json-new='{\"font-size\":\"desktop:15px;\",\"line-height\":\"desktop:15px;\"}'  style=\"font-weight:bold;color:#ffffff;\">OUR LOCATION - VIEW MAP<\/span>\r\n\r\n\t\t\t<\/span>\r\n\t\t\t<\/a><span class=\"middle-text\" style=\"line-height: 1.8em;color:#ffffff;background-color:#000000;border-width:0px;\">\r\n\t\t\t<span class=\"middle-inner\"  >-<\/span>\r\n\t\t\t<\/span>\r\n\r\n\t\t\t<\/div>\r\n\r\n\t\t\t<div class=\"ult_dualbutton-wrapper btn-inline place-template btn2 \"><a href=\"https:\/\/bit.ly\/3ehCRa2\" target=\"_blank\" rel=\"noopener\"  class=\"ult_ivan_button round-square with-icon icon-after with-text place-template ult_dual2\"  style=\";background-color:#00bab5 !important;;margin-left:px;;border-color:#ffffff;border-style:solid;border-width:2px;border-radius:2px;\">\r\n\t\t\t<span class=\"ult-dual-btn-2 Style 1\"  data-bgcolor=\"#00bab5\" data-bghovercolor=\"#00d6cf\" data-icon_color=\"#333333\" data-icon_hover_color=\"#333333\" data-textcolor=\"#ffffff\" data-texthovercolor=\"#000000\" data-iconbgcolor=\"transperent\" data-iconbghovercolor=\"transperent\" data-iconborder=\"transperent\" data-iconhoverborder=\"transperent\" >\r\n\t\t\t<span class=\"text-btn ult-dual-button-title\" style=\"font-weight:bold;color:#ffffff;\">SCHEDULE AN APPOINTMENT<\/span>\r\n\r\n\t\t\t<span class=\"icon-simple icon-right2 ult_btn1span ult-dual-btn-no-icon\"  style=\";padding-left:0px; \"><\/span>\r\n\t\t\t<\/span>\r\n\t\t\t<\/a><\/div>\r\n\t\t\t<\/div>\r\n\t\t\t<\/div>[\/vc_column][\/vc_row]<\/p>\n<\/div>","protected":false},"excerpt":{"rendered":"<p>[vc_row content_placement=&#8221;top&#8221; bg_type=&#8221;bg_color&#8221; bg_override=&#8221;ex-full&#8221; seperator_enable=&#8221;seperator_enable_value&#8221; seperator_type=&#8221;tilt_left_seperator&#8221; seperator_svg_height=&#8221;5&#8243; seperator_shape_background=&#8221;#00bab5&#8243; bg_color_value=&#8221;#ffffff&#8221; css=&#8221;.vc_custom_1602728104708{margin-top: -100px !important;}&#8221;][vc_column][\/vc_column][\/vc_row][vc_row css=&#8221;.vc_custom_1602866455765{margin-right: 12px !important;margin-left: 12px !important;}&#8221;][vc_column width=&#8221;2\/3&#8243;][vc_empty_space][vc_column_text] Arthroplasty is a surgical procedure to restore the function of a joint. A joint can be restored by resurfacing the bones. An artificial joint (called a prosthesis) may also be used. [\/vc_column_text][vc_column_text css_animation=&#8221;fadeInLeft&#8221; css=&#8221;.vc_custom_1614298029393{border-top-width: 3px !important;border-right-width: 3px [&hellip;]<\/p>\n","protected":false},"author":1,"featured_media":0,"parent":0,"menu_order":0,"comment_status":"closed","ping_status":"closed","template":"","meta":{"footnotes":""},"yoast_head":"<!-- This site is optimized with the Yoast SEO plugin v21.7 - https:\/\/yoast.com\/wordpress\/plugins\/seo\/ -->\n<title>Arthroplasty - Dr Michell Ruiz - Orthopedics, Sports Medicine &amp; Joint Replacement. M\u00e9xico City. Hospital \u00c1ngeles Metropolitano.<\/title>\n<meta name=\"description\" content=\"Dr Michell Ruiz - Especialista en Hombro, Codo, Rodilla. Ciudad de M\u00e9xico. Hospital \u00c1ngeles Metropolitano.\" \/>\n<meta name=\"robots\" content=\"index, follow, max-snippet:-1, max-image-preview:large, max-video-preview:-1\" \/>\n<link rel=\"canonical\" href=\"https:\/\/drmichellruiz.com\/en\/arthroplasty\" \/>\n<meta property=\"og:locale\" content=\"en_US\" \/>\n<meta property=\"og:type\" content=\"article\" \/>\n<meta property=\"og:title\" content=\"Arthroplasty - Dr Michell Ruiz - Orthopedics, Sports Medicine &amp; Joint Replacement. M\u00e9xico City. Hospital \u00c1ngeles Metropolitano.\" \/>\n<meta property=\"og:description\" content=\"Dr Michell Ruiz - Especialista en Hombro, Codo, Rodilla. Ciudad de M\u00e9xico. Hospital \u00c1ngeles Metropolitano.\" \/>\n<meta property=\"og:url\" content=\"https:\/\/drmichellruiz.com\/en\/arthroplasty\" \/>\n<meta property=\"og:site_name\" content=\"Dr Michell Ruiz - Orthopedics, Sports Medicine &amp; Joint Replacement. M\u00e9xico City. Hospital \u00c1ngeles Metropolitano.\" \/>\n<meta property=\"article:publisher\" content=\"https:\/\/www.facebook.com\/drmichellruiz\/\" \/>\n<meta property=\"article:modified_time\" content=\"2021-03-06T05:29:00+00:00\" \/>\n<meta name=\"twitter:card\" content=\"summary_large_image\" \/>\n<meta name=\"twitter:site\" content=\"@drmichellruiz\" \/>\n<meta name=\"twitter:label1\" content=\"Est. reading time\" \/>\n\t<meta name=\"twitter:data1\" content=\"2 minutes\" \/>\n<script type=\"application\/ld+json\" class=\"yoast-schema-graph\">{\"@context\":\"https:\/\/schema.org\",\"@graph\":[{\"@type\":\"WebPage\",\"@id\":\"https:\/\/drmichellruiz.com\/en\/arthroplasty\",\"url\":\"https:\/\/drmichellruiz.com\/en\/arthroplasty\",\"name\":\"Arthroplasty - Dr Michell Ruiz - Orthopedics, Sports Medicine & Joint Replacement. M\u00e9xico City. Hospital \u00c1ngeles Metropolitano.\",\"isPartOf\":{\"@id\":\"https:\/\/drmichellruiz.com\/en\/#website\"},\"datePublished\":\"2021-02-17T00:26:40+00:00\",\"dateModified\":\"2021-03-06T05:29:00+00:00\",\"description\":\"Dr Michell Ruiz - Especialista en Hombro, Codo, Rodilla. Ciudad de M\u00e9xico. Hospital \u00c1ngeles Metropolitano.\",\"breadcrumb\":{\"@id\":\"https:\/\/drmichellruiz.com\/en\/arthroplasty#breadcrumb\"},\"inLanguage\":\"en-US\",\"potentialAction\":[{\"@type\":\"ReadAction\",\"target\":[\"https:\/\/drmichellruiz.com\/en\/arthroplasty\"]}]},{\"@type\":\"BreadcrumbList\",\"@id\":\"https:\/\/drmichellruiz.com\/en\/arthroplasty#breadcrumb\",\"itemListElement\":[{\"@type\":\"ListItem\",\"position\":1,\"name\":\"Portada\",\"item\":\"https:\/\/drmichellruiz.com\/en\"},{\"@type\":\"ListItem\",\"position\":2,\"name\":\"Arthroplasty\"}]},{\"@type\":\"WebSite\",\"@id\":\"https:\/\/drmichellruiz.com\/en\/#website\",\"url\":\"https:\/\/drmichellruiz.com\/en\/\",\"name\":\"Dr Michell Ruiz - Orthopedics, Sports Medicine & Joint Replacement. M\u00e9xico City. Hospital \u00c1ngeles Metropolitano.\",\"description\":\"Shoulder Specialty. Elbow Specialty. Knee Specialty. Hip Specialty. Arthroscopy. Sports Medicine\",\"potentialAction\":[{\"@type\":\"SearchAction\",\"target\":{\"@type\":\"EntryPoint\",\"urlTemplate\":\"https:\/\/drmichellruiz.com\/en\/?s={search_term_string}\"},\"query-input\":\"required name=search_term_string\"}],\"inLanguage\":\"en-US\"}]}<\/script>\n<!-- \/ Yoast SEO plugin. -->","yoast_head_json":{"title":"Arthroplasty - Dr Michell Ruiz - Orthopedics, Sports Medicine & Joint Replacement. M\u00e9xico City. Hospital \u00c1ngeles Metropolitano.","description":"Dr Michell Ruiz - Especialista en Hombro, Codo, Rodilla. Ciudad de M\u00e9xico. Hospital \u00c1ngeles Metropolitano.","robots":{"index":"index","follow":"follow","max-snippet":"max-snippet:-1","max-image-preview":"max-image-preview:large","max-video-preview":"max-video-preview:-1"},"canonical":"https:\/\/drmichellruiz.com\/en\/arthroplasty","og_locale":"en_US","og_type":"article","og_title":"Arthroplasty - Dr Michell Ruiz - Orthopedics, Sports Medicine & Joint Replacement. M\u00e9xico City. Hospital \u00c1ngeles Metropolitano.","og_description":"Dr Michell Ruiz - Especialista en Hombro, Codo, Rodilla. Ciudad de M\u00e9xico. Hospital \u00c1ngeles Metropolitano.","og_url":"https:\/\/drmichellruiz.com\/en\/arthroplasty","og_site_name":"Dr Michell Ruiz - Orthopedics, Sports Medicine & Joint Replacement. M\u00e9xico City. Hospital \u00c1ngeles Metropolitano.","article_publisher":"https:\/\/www.facebook.com\/drmichellruiz\/","article_modified_time":"2021-03-06T05:29:00+00:00","twitter_card":"summary_large_image","twitter_site":"@drmichellruiz","twitter_misc":{"Est. reading time":"2 minutes"},"schema":{"@context":"https:\/\/schema.org","@graph":[{"@type":"WebPage","@id":"https:\/\/drmichellruiz.com\/en\/arthroplasty","url":"https:\/\/drmichellruiz.com\/en\/arthroplasty","name":"Arthroplasty - Dr Michell Ruiz - Orthopedics, Sports Medicine & Joint Replacement. M\u00e9xico City. Hospital \u00c1ngeles Metropolitano.","isPartOf":{"@id":"https:\/\/drmichellruiz.com\/en\/#website"},"datePublished":"2021-02-17T00:26:40+00:00","dateModified":"2021-03-06T05:29:00+00:00","description":"Dr Michell Ruiz - Especialista en Hombro, Codo, Rodilla. Ciudad de M\u00e9xico. Hospital \u00c1ngeles Metropolitano.","breadcrumb":{"@id":"https:\/\/drmichellruiz.com\/en\/arthroplasty#breadcrumb"},"inLanguage":"en-US","potentialAction":[{"@type":"ReadAction","target":["https:\/\/drmichellruiz.com\/en\/arthroplasty"]}]},{"@type":"BreadcrumbList","@id":"https:\/\/drmichellruiz.com\/en\/arthroplasty#breadcrumb","itemListElement":[{"@type":"ListItem","position":1,"name":"Portada","item":"https:\/\/drmichellruiz.com\/en"},{"@type":"ListItem","position":2,"name":"Arthroplasty"}]},{"@type":"WebSite","@id":"https:\/\/drmichellruiz.com\/en\/#website","url":"https:\/\/drmichellruiz.com\/en\/","name":"Dr Michell Ruiz - Orthopedics, Sports Medicine & Joint Replacement. M\u00e9xico City. Hospital \u00c1ngeles Metropolitano.","description":"Shoulder Specialty. Elbow Specialty. Knee Specialty. Hip Specialty. Arthroscopy. Sports Medicine","potentialAction":[{"@type":"SearchAction","target":{"@type":"EntryPoint","urlTemplate":"https:\/\/drmichellruiz.com\/en\/?s={search_term_string}"},"query-input":"required name=search_term_string"}],"inLanguage":"en-US"}]}},"_links":{"self":[{"href":"https:\/\/drmichellruiz.com\/en\/wp-json\/wp\/v2\/pages\/9508"}],"collection":[{"href":"https:\/\/drmichellruiz.com\/en\/wp-json\/wp\/v2\/pages"}],"about":[{"href":"https:\/\/drmichellruiz.com\/en\/wp-json\/wp\/v2\/types\/page"}],"author":[{"embeddable":true,"href":"https:\/\/drmichellruiz.com\/en\/wp-json\/wp\/v2\/users\/1"}],"replies":[{"embeddable":true,"href":"https:\/\/drmichellruiz.com\/en\/wp-json\/wp\/v2\/comments?post=9508"}],"version-history":[{"count":9,"href":"https:\/\/drmichellruiz.com\/en\/wp-json\/wp\/v2\/pages\/9508\/revisions"}],"predecessor-version":[{"id":10235,"href":"https:\/\/drmichellruiz.com\/en\/wp-json\/wp\/v2\/pages\/9508\/revisions\/10235"}],"wp:attachment":[{"href":"https:\/\/drmichellruiz.com\/en\/wp-json\/wp\/v2\/media?parent=9508"}],"curies":[{"name":"wp","href":"https:\/\/api.w.org\/{rel}","templated":true}]}}