{"id":9527,"date":"2021-02-19T00:42:44","date_gmt":"2021-02-19T00:42:44","guid":{"rendered":"https:\/\/drmichellruiz.com\/?page_id=9527"},"modified":"2021-03-06T05:30:30","modified_gmt":"2021-03-06T05:30:30","slug":"knee-specialty","status":"publish","type":"page","link":"https:\/\/drmichellruiz.com\/en\/knee-specialty","title":{"rendered":"Knee Specialty"},"content":{"rendered":"<div class=\"wpb-content-wrapper\"><p>[vc_row content_placement=&#8221;top&#8221; bg_type=&#8221;bg_color&#8221; bg_override=&#8221;ex-full&#8221; seperator_enable=&#8221;seperator_enable_value&#8221; seperator_type=&#8221;tilt_left_seperator&#8221; seperator_svg_height=&#8221;5&#8243; seperator_shape_background=&#8221;#00bab5&#8243; bg_color_value=&#8221;#ffffff&#8221; css=&#8221;.vc_custom_1602728104708{margin-top: -100px !important;}&#8221;][vc_column][\/vc_column][\/vc_row][vc_row css_animation=&#8221;none&#8221; css=&#8221;.vc_custom_1602873226928{margin-right: 12px !important;margin-left: 12px !important;}&#8221;][vc_column width=&#8221;2\/3&#8243;]<div id=\"ultimate-heading-622469e9e56be5d6c\" class=\"uvc-heading ult-adjust-bottom-margin ultimate-heading-622469e9e56be5d6c uvc-2591 \" data-hspacer=\"line_only\"  data-halign=\"left\" style=\"text-align:left\"><div class=\"uvc-main-heading ult-responsive\"  data-ultimate-target='.uvc-heading.ultimate-heading-622469e9e56be5d6c h2'  data-responsive-json-new='{\"font-size\":\"\",\"line-height\":\"\"}' ><h2 style=\"font-weight:bold;color:#598aaf;\">THE KNEE<\/h2><\/div><div class=\"uvc-heading-spacer line_only\" style=\"topheight:4px;\"><span class=\"uvc-headings-line\" style=\"border-style:solid;border-bottom-width:4px;border-color:#00bab5;width:100px;\"><\/span><\/div><\/div>[vc_empty_space][vc_column_text]<\/p>\n<h4>The knee is one of the largest and most complex joints in the body. The knee joins the thigh bone (femur) to the shin bone (tibia). The smaller bone that runs alongside the tibia (fibula) and the kneecap (patella) are the other bones that make the knee joint.<\/h4>\n<h4>Tendons connect the knee bones to the leg muscles that move the knee joint. Ligaments join the knee bones and provide stability to the knee:<\/h4>\n<h4>\ud83d\udd18 The anterior cruciate ligament prevents the femur from sliding backward on the tibia (or the tibia sliding forward on the femur).<\/h4>\n<h4>\ud83d\udd18 The posterior cruciate ligament prevents the femur from sliding forward on the tibia (or the tibia from sliding backward on the femur).<\/h4>\n<h4>\ud83d\udd18 The medial and lateral collateral ligaments prevent the femur from sliding side to side.<\/h4>\n<h4>Two C-shaped pieces of cartilage called the medial and lateral menisci act as shock absorbers between the femur and tibia.<\/h4>\n<h4 data-pos=\"5000\" data-sizes=\"[1,2]\" data-targets=\"{&quot;art&quot;:&quot;091e9c5e805835c7&quot;,&quot;cc&quot;:&quot;16&quot;,&quot;env&quot;:&quot;0&quot;,&quot;hcent&quot;:&quot;1125&quot;,&quot;leaf&quot;:&quot;&quot;,&quot;mcent&quot;:&quot;&quot;,&quot;mic&quot;:&quot;&quot;,&quot;pt&quot;:&quot;1627&quot;,&quot;sec&quot;:&quot;&quot;,&quot;pug&quot;:&quot;&quot;,&quot;scent&quot;:&quot;&quot;,&quot;tmg&quot;:&quot;&quot;,&quot;tug&quot;:&quot;&quot;,&quot;uri&quot;:&quot;\/pain-management\/knee-pain\/picture-of-the-knee&quot;,&quot;rd&quot;:&quot;1&quot;,&quot;tex&quot;:&quot;vuejs&quot;}\" data-block-codes=\"_cust4_fit_h16_r52_\" data-is-mobile=\"false\" data-google-query-id=\"CLvEh8TShu8CFYICPwodpMgKEg\">Numerous bursae, or fluid-filled sacs, help the knee move smoothly.<\/h4>\n<p>[\/vc_column_text][\/vc_column][vc_column css_animation=&#8221;fadeInRight&#8221; width=&#8221;1\/3&#8243;][vc_empty_space height=&#8221;100px&#8221;][vc_single_image image=&#8221;9882&#8243; img_size=&#8221;full&#8221;][\/vc_column][\/vc_row][vc_row css=&#8221;.vc_custom_1602866474701{margin-right: 12px !important;margin-left: 12px !important;}&#8221;][vc_column]<div id=\"ultimate-heading-44069e9e56be5df7\" class=\"uvc-heading ult-adjust-bottom-margin ultimate-heading-44069e9e56be5df7 uvc-8325 \" data-hspacer=\"line_only\"  data-halign=\"left\" style=\"text-align:left\"><div class=\"uvc-main-heading ult-responsive\"  data-ultimate-target='.uvc-heading.ultimate-heading-44069e9e56be5df7 h2'  data-responsive-json-new='{\"font-size\":\"\",\"line-height\":\"\"}' ><h2 style=\"font-weight:bold;color:#598aaf;\">COMMON INJURIES - KNEE<\/h2><\/div><div class=\"uvc-heading-spacer line_only\" style=\"topheight:4px;\"><span class=\"uvc-headings-line\" style=\"border-style:solid;border-bottom-width:4px;border-color:#00bab5;width:240px;\"><\/span><\/div><\/div>[vc_empty_space][\/vc_column][\/vc_row][vc_row content_placement=&#8221;middle&#8221; css_animation=&#8221;fadeIn&#8221; css=&#8221;.vc_custom_1602876766503{margin-right: 12px !important;margin-left: 12px !important;}&#8221;][vc_column width=&#8221;1\/6&#8243;][\/vc_column][vc_column width=&#8221;1\/3&#8243;][vc_column_text]<\/p>\n<h4><i class=\"fas fa-check\"\"><\/i> ACL<strong> (<\/strong>anterior cruciate ligament)\u00a0injury<\/h4>\n<h4><i class=\"fas fa-check\"\"><\/i>\u00a0 Fractures<strong>.<\/strong> The bones of the knee, including the kneecap (patella)<\/h4>\n<h4><i class=\"fas fa-check\"\"><\/i> Torn meniscus<\/h4>\n<h4><i class=\"fas fa-check\"\"><\/i>\u00a0 Knee bursitis<\/h4>\n<h4><i class=\"fas fa-check\"\"><\/i> Patellar tendinitis<\/h4>\n<p>[\/vc_column_text][\/vc_column][vc_column width=&#8221;1\/3&#8243;][vc_column_text]<\/p>\n<h4><i class=\"fas fa-check\"\"><\/i> Loose body (cartilage)<\/h4>\n<h4><i class=\"fas fa-check\"\"><\/i> Iliotibial band syndrome<\/h4>\n<h4><i class=\"fas fa-check\"\"><\/i> Dislocated kneecap<\/h4>\n<h4><i class=\"fas fa-check\"\"><\/i> Osteoarthritis<\/h4>\n<h4><i class=\"fas fa-check\"\"><\/i> Rheumatoid arthritis<\/h4>\n<h4><i class=\"fas fa-check\"\"><\/i> Patellofemoral pain syndrome<\/h4>\n<p>[\/vc_column_text][\/vc_column][vc_column width=&#8221;1\/6&#8243;][\/vc_column][\/vc_row][vc_row content_placement=&#8221;bottom&#8221; css_animation=&#8221;fadeInUp&#8221; bg_type=&#8221;bg_color&#8221; bg_override=&#8221;full&#8221; seperator_enable=&#8221;seperator_enable_value&#8221; seperator_type=&#8221;tilt_left_seperator&#8221; seperator_position=&#8221;bottom_seperator&#8221; seperator_svg_height=&#8221;4&#8243; seperator_shape_background=&#8221;#00bab5&#8243; bg_color_value=&#8221;#598aaf&#8221; css=&#8221;.vc_custom_1602728975088{margin-bottom: -60px !important;}&#8221;][vc_column][vc_column_text]<\/p>\n<h4 class=\" \" style=\"text-align: center;\"><span style=\"color: #ffffff;\"><strong>Hospital \u00c1ngeles Metropolitano &#8211; M\u00e9xico City<\/strong><\/span><\/h4>\n<h4 class=\" \" style=\"text-align: center;\"><span style=\"color: #ffffff;\"><strong>Phone (+52) (55) 55.64.28.70<\/strong><\/span><\/h4>\n<p>[\/vc_column_text]\r\n\t\t\t<div class=\"ult_dual_button  ult-adjust-bottom-margin to-center  \"  data-response=\"on\" id=\"ult_btn_3157740964\">\r\n\r\n\t\t\t<div id=\"dualbtn-6417\" class=\"ulitmate_dual_buttons ult-dual-btn ult_main_dualbtn \" data-bcolor=\"#ffffff\"data-bhcolor=\"\">\r\n\r\n\t\t\t<div class=\"ult_dualbutton-wrapper btn-inline place-template bt1 \"><a href=\"https:\/\/drmichellruiz.com\/en\/contact\" title=\"Contacto\"  class=\"ult_ivan_button round-square with-icon icon-before with-text place-template ult_dual1\" style=\";margin-right:px;;background-color:#00bab5 !important;; border-color:#ffffff;border-style:solid;border-width:2px;border-radius:2px;;\">\r\n\t\t\t<span class=\"ult-dual-btn-1 Style 1\" style=\"\"  data-bgcolor=\"#00bab5\" data-bghovercolor=\"#00d6cf\" data-icon_color=\"#333333\" data-icon_hover_color=\"#333333\" data-textcolor=\"#ffffff\" data-texthovercolor=\"#000000\" data-iconbgcolor=\"transperent\" data-iconbghovercolor=\"transperent\" data-iconborder=\"transperent\" data-iconhoverborder=\"transperent\" >\r\n\t\t\t<span class=\"icon-simple icon-left1 ult_btn1span ult-dual-btn-no-icon\"  style=\";padding-left:0px; \"><\/span>\r\n\t\t\t<span class=\"text-btn ult-dual-button-title ult-responsive\"  data-ultimate-target='#dualbtn-6417 .ult-dual-button-title'  data-responsive-json-new='{\"font-size\":\"desktop:15px;\",\"line-height\":\"desktop:15px;\"}'  style=\"font-weight:bold;color:#ffffff;\">OUR LOCATION - VIEW MAP<\/span>\r\n\r\n\t\t\t<\/span>\r\n\t\t\t<\/a><span class=\"middle-text\" style=\"line-height: 1.8em;color:#ffffff;background-color:#000000;border-width:0px;\">\r\n\t\t\t<span class=\"middle-inner\"  >-<\/span>\r\n\t\t\t<\/span>\r\n\r\n\t\t\t<\/div>\r\n\r\n\t\t\t<div class=\"ult_dualbutton-wrapper btn-inline place-template btn2 \"><a href=\"https:\/\/bit.ly\/3ehCRa2\" target=\"_blank\" rel=\"noopener\"  class=\"ult_ivan_button round-square with-icon icon-after with-text place-template ult_dual2\"  style=\";background-color:#00bab5 !important;;margin-left:px;;border-color:#ffffff;border-style:solid;border-width:2px;border-radius:2px;\">\r\n\t\t\t<span class=\"ult-dual-btn-2 Style 1\"  data-bgcolor=\"#00bab5\" data-bghovercolor=\"#00d6cf\" data-icon_color=\"#333333\" data-icon_hover_color=\"#333333\" data-textcolor=\"#ffffff\" data-texthovercolor=\"#000000\" data-iconbgcolor=\"transperent\" data-iconbghovercolor=\"transperent\" data-iconborder=\"transperent\" data-iconhoverborder=\"transperent\" >\r\n\t\t\t<span class=\"text-btn ult-dual-button-title\" style=\"font-weight:bold;color:#ffffff;\">SCHEDULE AN APPOINTMENT<\/span>\r\n\r\n\t\t\t<span class=\"icon-simple icon-right2 ult_btn1span ult-dual-btn-no-icon\"  style=\";padding-left:0px; \"><\/span>\r\n\t\t\t<\/span>\r\n\t\t\t<\/a><\/div>\r\n\t\t\t<\/div>\r\n\t\t\t<\/div>[\/vc_column][\/vc_row]<\/p>\n<\/div>","protected":false},"excerpt":{"rendered":"<p>[vc_row content_placement=&#8221;top&#8221; bg_type=&#8221;bg_color&#8221; bg_override=&#8221;ex-full&#8221; seperator_enable=&#8221;seperator_enable_value&#8221; seperator_type=&#8221;tilt_left_seperator&#8221; seperator_svg_height=&#8221;5&#8243; seperator_shape_background=&#8221;#00bab5&#8243; bg_color_value=&#8221;#ffffff&#8221; css=&#8221;.vc_custom_1602728104708{margin-top: -100px !important;}&#8221;][vc_column][\/vc_column][\/vc_row][vc_row css_animation=&#8221;none&#8221; css=&#8221;.vc_custom_1602873226928{margin-right: 12px !important;margin-left: 12px !important;}&#8221;][vc_column width=&#8221;2\/3&#8243;][vc_empty_space][vc_column_text] The knee is one of the largest and most complex joints in the body. The knee joins the thigh bone (femur) to the shin bone (tibia). The smaller bone that runs alongside the tibia (fibula) and [&hellip;]<\/p>\n","protected":false},"author":1,"featured_media":0,"parent":0,"menu_order":0,"comment_status":"closed","ping_status":"closed","template":"","meta":{"footnotes":""},"yoast_head":"<!-- This site is optimized with the Yoast SEO plugin v21.7 - https:\/\/yoast.com\/wordpress\/plugins\/seo\/ -->\n<title>Knee Specialty - Dr Michell Ruiz - Orthopedics, Sports Medicine &amp; Joint Replacement. M\u00e9xico City. Hospital \u00c1ngeles Metropolitano.<\/title>\n<meta name=\"description\" content=\"Dr Michell Ruiz - Especialista en Hombro, Codo, Rodilla. Ciudad de M\u00e9xico. Hospital \u00c1ngeles Metropolitano.\" \/>\n<meta name=\"robots\" content=\"index, follow, max-snippet:-1, max-image-preview:large, max-video-preview:-1\" \/>\n<link rel=\"canonical\" href=\"https:\/\/drmichellruiz.com\/en\/knee-specialty\" \/>\n<meta property=\"og:locale\" content=\"en_US\" \/>\n<meta property=\"og:type\" content=\"article\" \/>\n<meta property=\"og:title\" content=\"Knee Specialty - Dr Michell Ruiz - Orthopedics, Sports Medicine &amp; Joint Replacement. M\u00e9xico City. Hospital \u00c1ngeles Metropolitano.\" \/>\n<meta property=\"og:description\" content=\"Dr Michell Ruiz - Especialista en Hombro, Codo, Rodilla. Ciudad de M\u00e9xico. Hospital \u00c1ngeles Metropolitano.\" \/>\n<meta property=\"og:url\" content=\"https:\/\/drmichellruiz.com\/en\/knee-specialty\" \/>\n<meta property=\"og:site_name\" content=\"Dr Michell Ruiz - Orthopedics, Sports Medicine &amp; Joint Replacement. M\u00e9xico City. Hospital \u00c1ngeles Metropolitano.\" \/>\n<meta property=\"article:publisher\" content=\"https:\/\/www.facebook.com\/drmichellruiz\/\" \/>\n<meta property=\"article:modified_time\" content=\"2021-03-06T05:30:30+00:00\" \/>\n<meta name=\"twitter:card\" content=\"summary_large_image\" \/>\n<meta name=\"twitter:site\" content=\"@drmichellruiz\" \/>\n<meta name=\"twitter:label1\" content=\"Est. reading time\" \/>\n\t<meta name=\"twitter:data1\" content=\"2 minutes\" \/>\n<script type=\"application\/ld+json\" class=\"yoast-schema-graph\">{\"@context\":\"https:\/\/schema.org\",\"@graph\":[{\"@type\":\"WebPage\",\"@id\":\"https:\/\/drmichellruiz.com\/en\/knee-specialty\",\"url\":\"https:\/\/drmichellruiz.com\/en\/knee-specialty\",\"name\":\"Knee Specialty - Dr Michell Ruiz - Orthopedics, Sports Medicine & Joint Replacement. M\u00e9xico City. Hospital \u00c1ngeles Metropolitano.\",\"isPartOf\":{\"@id\":\"https:\/\/drmichellruiz.com\/en\/#website\"},\"datePublished\":\"2021-02-19T00:42:44+00:00\",\"dateModified\":\"2021-03-06T05:30:30+00:00\",\"description\":\"Dr Michell Ruiz - Especialista en Hombro, Codo, Rodilla. Ciudad de M\u00e9xico. Hospital \u00c1ngeles Metropolitano.\",\"breadcrumb\":{\"@id\":\"https:\/\/drmichellruiz.com\/en\/knee-specialty#breadcrumb\"},\"inLanguage\":\"en-US\",\"potentialAction\":[{\"@type\":\"ReadAction\",\"target\":[\"https:\/\/drmichellruiz.com\/en\/knee-specialty\"]}]},{\"@type\":\"BreadcrumbList\",\"@id\":\"https:\/\/drmichellruiz.com\/en\/knee-specialty#breadcrumb\",\"itemListElement\":[{\"@type\":\"ListItem\",\"position\":1,\"name\":\"Portada\",\"item\":\"https:\/\/drmichellruiz.com\/en\"},{\"@type\":\"ListItem\",\"position\":2,\"name\":\"Knee Specialty\"}]},{\"@type\":\"WebSite\",\"@id\":\"https:\/\/drmichellruiz.com\/en\/#website\",\"url\":\"https:\/\/drmichellruiz.com\/en\/\",\"name\":\"Dr Michell Ruiz - Orthopedics, Sports Medicine & Joint Replacement. M\u00e9xico City. Hospital \u00c1ngeles Metropolitano.\",\"description\":\"Shoulder Specialty. Elbow Specialty. Knee Specialty. Hip Specialty. Arthroscopy. Sports Medicine\",\"potentialAction\":[{\"@type\":\"SearchAction\",\"target\":{\"@type\":\"EntryPoint\",\"urlTemplate\":\"https:\/\/drmichellruiz.com\/en\/?s={search_term_string}\"},\"query-input\":\"required name=search_term_string\"}],\"inLanguage\":\"en-US\"}]}<\/script>\n<!-- \/ Yoast SEO plugin. -->","yoast_head_json":{"title":"Knee Specialty - Dr Michell Ruiz - Orthopedics, Sports Medicine & Joint Replacement. M\u00e9xico City. Hospital \u00c1ngeles Metropolitano.","description":"Dr Michell Ruiz - Especialista en Hombro, Codo, Rodilla. Ciudad de M\u00e9xico. Hospital \u00c1ngeles Metropolitano.","robots":{"index":"index","follow":"follow","max-snippet":"max-snippet:-1","max-image-preview":"max-image-preview:large","max-video-preview":"max-video-preview:-1"},"canonical":"https:\/\/drmichellruiz.com\/en\/knee-specialty","og_locale":"en_US","og_type":"article","og_title":"Knee Specialty - Dr Michell Ruiz - Orthopedics, Sports Medicine & Joint Replacement. M\u00e9xico City. Hospital \u00c1ngeles Metropolitano.","og_description":"Dr Michell Ruiz - Especialista en Hombro, Codo, Rodilla. Ciudad de M\u00e9xico. Hospital \u00c1ngeles Metropolitano.","og_url":"https:\/\/drmichellruiz.com\/en\/knee-specialty","og_site_name":"Dr Michell Ruiz - Orthopedics, Sports Medicine & Joint Replacement. M\u00e9xico City. Hospital \u00c1ngeles Metropolitano.","article_publisher":"https:\/\/www.facebook.com\/drmichellruiz\/","article_modified_time":"2021-03-06T05:30:30+00:00","twitter_card":"summary_large_image","twitter_site":"@drmichellruiz","twitter_misc":{"Est. reading time":"2 minutes"},"schema":{"@context":"https:\/\/schema.org","@graph":[{"@type":"WebPage","@id":"https:\/\/drmichellruiz.com\/en\/knee-specialty","url":"https:\/\/drmichellruiz.com\/en\/knee-specialty","name":"Knee Specialty - Dr Michell Ruiz - Orthopedics, Sports Medicine & Joint Replacement. M\u00e9xico City. Hospital \u00c1ngeles Metropolitano.","isPartOf":{"@id":"https:\/\/drmichellruiz.com\/en\/#website"},"datePublished":"2021-02-19T00:42:44+00:00","dateModified":"2021-03-06T05:30:30+00:00","description":"Dr Michell Ruiz - Especialista en Hombro, Codo, Rodilla. Ciudad de M\u00e9xico. Hospital \u00c1ngeles Metropolitano.","breadcrumb":{"@id":"https:\/\/drmichellruiz.com\/en\/knee-specialty#breadcrumb"},"inLanguage":"en-US","potentialAction":[{"@type":"ReadAction","target":["https:\/\/drmichellruiz.com\/en\/knee-specialty"]}]},{"@type":"BreadcrumbList","@id":"https:\/\/drmichellruiz.com\/en\/knee-specialty#breadcrumb","itemListElement":[{"@type":"ListItem","position":1,"name":"Portada","item":"https:\/\/drmichellruiz.com\/en"},{"@type":"ListItem","position":2,"name":"Knee Specialty"}]},{"@type":"WebSite","@id":"https:\/\/drmichellruiz.com\/en\/#website","url":"https:\/\/drmichellruiz.com\/en\/","name":"Dr Michell Ruiz - Orthopedics, Sports Medicine & Joint Replacement. M\u00e9xico City. Hospital \u00c1ngeles Metropolitano.","description":"Shoulder Specialty. Elbow Specialty. Knee Specialty. Hip Specialty. Arthroscopy. Sports Medicine","potentialAction":[{"@type":"SearchAction","target":{"@type":"EntryPoint","urlTemplate":"https:\/\/drmichellruiz.com\/en\/?s={search_term_string}"},"query-input":"required name=search_term_string"}],"inLanguage":"en-US"}]}},"_links":{"self":[{"href":"https:\/\/drmichellruiz.com\/en\/wp-json\/wp\/v2\/pages\/9527"}],"collection":[{"href":"https:\/\/drmichellruiz.com\/en\/wp-json\/wp\/v2\/pages"}],"about":[{"href":"https:\/\/drmichellruiz.com\/en\/wp-json\/wp\/v2\/types\/page"}],"author":[{"embeddable":true,"href":"https:\/\/drmichellruiz.com\/en\/wp-json\/wp\/v2\/users\/1"}],"replies":[{"embeddable":true,"href":"https:\/\/drmichellruiz.com\/en\/wp-json\/wp\/v2\/comments?post=9527"}],"version-history":[{"count":12,"href":"https:\/\/drmichellruiz.com\/en\/wp-json\/wp\/v2\/pages\/9527\/revisions"}],"predecessor-version":[{"id":10238,"href":"https:\/\/drmichellruiz.com\/en\/wp-json\/wp\/v2\/pages\/9527\/revisions\/10238"}],"wp:attachment":[{"href":"https:\/\/drmichellruiz.com\/en\/wp-json\/wp\/v2\/media?parent=9527"}],"curies":[{"name":"wp","href":"https:\/\/api.w.org\/{rel}","templated":true}]}}