{"id":9814,"date":"2021-02-24T00:02:03","date_gmt":"2021-02-24T00:02:03","guid":{"rendered":"https:\/\/drmichellruiz.com\/?page_id=9814"},"modified":"2021-03-06T04:31:25","modified_gmt":"2021-03-06T04:31:25","slug":"contact","status":"publish","type":"page","link":"https:\/\/drmichellruiz.com\/en\/contact","title":{"rendered":"Contact"},"content":{"rendered":"<div class=\"wpb-content-wrapper\"><p>[vc_row bg_type=&#8221;bg_color&#8221; bg_override=&#8221;full&#8221; seperator_enable=&#8221;seperator_enable_value&#8221; seperator_type=&#8221;tilt_left_seperator&#8221; seperator_svg_height=&#8221;5&#8243; seperator_shape_background=&#8221;#00bab5&#8243; bg_color_value=&#8221;#ffffff&#8221;][vc_column][\/vc_column][\/vc_row][vc_row css=&#8221;.vc_custom_1614394170061{margin-top: -50px !important;}&#8221;][vc_column][vc_column_text]<\/p>\n<p class=\"p1\"><div class=\"full-width-section    \"  ><div class=\"container\"><div class=\"dt-sc-margin0\"><\/div><h3 class=\"  \" ><b>OUR LOCATION &#8211; HOSPITAL \u00c1NGELES METROPOLITANO<\/b>\n<\/h3>\n<pre id=\"resmap-shortcode\"><script type=\"text\/javascript\">\n    jQuery(document).ready(function($) {\n        \/\/ the div that will contain the map\n        var mapdiv = jQuery(\"#responsive_map_2005054430\"); \n        \/\/ markers should be clustered?\n        var clustering = \"no\"; \n        \/\/ Create the map in the div \n        mapdiv.gMapResp({\n            maptype: google.maps.MapTypeId.ROADMAP,\n            log: false,\n            zoom: 17,\n            markers: [{\n                        address: 'Tlacotalpan #59 ', \n                        key: '1',html:'<div id=\\'resmap_popup\\'><img src=\\'https:\/\/drmichellruiz.com\/wp-content\/uploads\/2017\/04\/logo-michell2.png\\'> <br> TLACOTALPAN #59 Suite 730. Roma Sur <br> Phone:  (+52)(55) 55.64.28.70 - (+52)(55)55.64.60.00<\/div>',\n                        popup: false,\n                        flat: true,\n                        icon: {\n                            image: 'https:\/\/drmichellruiz.com\/wp-content\/plugins\/responsive-maps-plugin\/includes\/icons\/red.png'}}],\n            panControl: false,\n            zoomControl: true,\n            draggable: true,\n            scrollwheel: false,\n            mapTypeControl: false,\n            scaleControl: false,\n            streetViewControl: false,\n            overviewMapControl: true,\n            fullscreenControl: false,\n            styles: [{ \"stylers\": [{\"hue\": \"#598aaf\" } ] } ],\n            latitude: null,\n            longitude: null,\n            onComplete: function() {\n                var gmap = mapdiv.data('gmap').gmap;\n                if (clustering.length  != 0 && clustering == \"yes\") {\n                    var markerCluster = new MarkerClusterer(gmap, mapdiv.data('gmap').markers, {imagePath: 'https:\/\/drmichellruiz.com\/wp-content\/plugins\/responsive-maps-plugin\/includes\/img\/m'});\n                }\n            }\n        });\n        gmap = mapdiv.data('gmap').gmap;\n        });\n        window.onresize = function() {\n        jQuery('.responsive-map').each(function(i, obj) {\n            jQuery(this).gMapResp('fixAfterResize');\n        });\n    };\n      <\/script>\n    <div id=\"responsive_map_2005054430\" class=\"responsive-map\" style=\"height:500px;width:100%;\"><\/div><\/pre>\n<div class=\"dt-sc-margin50\"><\/div><div  class=\"column dt-sc-two-third    first \"   style=\"         \"><div class=\"dt-sc-margin20\"><\/div><h5 class=\"  \" >You can now request an appointment using our secure online form or send brief (10 lines or less) messages to our Center. Our goal is to contact you by phone or email within three business days. Thank You<\/h5>\n\n<div class=\"wpcf7 no-js\" id=\"wpcf7-f9975-o1\" lang=\"es-ES\" dir=\"ltr\">\n<div class=\"screen-reader-response\"><p role=\"status\" aria-live=\"polite\" aria-atomic=\"true\"><\/p> <ul><\/ul><\/div>\n<form action=\"\/en\/wp-json\/wp\/v2\/pages\/9814#wpcf7-f9975-o1\" method=\"post\" class=\"wpcf7-form init dt-sc-appoinment-form\" aria-label=\"Formulario de contacto\" novalidate=\"novalidate\" data-status=\"init\">\n<div style=\"display: none;\">\n<input type=\"hidden\" name=\"_wpcf7\" value=\"9975\" \/>\n<input type=\"hidden\" name=\"_wpcf7_version\" value=\"5.8.5\" \/>\n<input type=\"hidden\" name=\"_wpcf7_locale\" value=\"es_ES\" \/>\n<input type=\"hidden\" name=\"_wpcf7_unit_tag\" value=\"wpcf7-f9975-o1\" \/>\n<input type=\"hidden\" name=\"_wpcf7_container_post\" value=\"0\" \/>\n<input type=\"hidden\" name=\"_wpcf7_posted_data_hash\" value=\"\" \/>\n<input type=\"hidden\" name=\"_wpcf7_recaptcha_response\" value=\"\" \/>\n<\/div>\n<p><span class=\"wpcf7-form-control-wrap\" data-name=\"your-name\"><input size=\"40\" class=\"wpcf7-form-control wpcf7-text wpcf7-validates-as-required\" aria-required=\"true\" aria-invalid=\"false\" placeholder=\"Full Name*\" value=\"\" type=\"text\" name=\"your-name\" \/><\/span><br \/>\n<span class=\"wpcf7-form-control-wrap\" data-name=\"your-email\"><input size=\"40\" class=\"wpcf7-form-control wpcf7-email wpcf7-validates-as-required wpcf7-text wpcf7-validates-as-email\" aria-required=\"true\" aria-invalid=\"false\" placeholder=\"Email Address*\" value=\"\" type=\"email\" name=\"your-email\" \/><\/span><br \/>\n<span class=\"wpcf7-form-control-wrap\" data-name=\"text-169\"><input size=\"40\" class=\"wpcf7-form-control wpcf7-text\" aria-invalid=\"false\" placeholder=\"Phone Number\" value=\"\" type=\"text\" name=\"text-169\" \/><\/span><br \/>\n<span class=\"wpcf7-form-control-wrap\" data-name=\"textarea-156\"><textarea cols=\"40\" rows=\"10\" class=\"wpcf7-form-control wpcf7-textarea\" aria-invalid=\"false\" placeholder=\"Message\" name=\"textarea-156\"><\/textarea><\/span>\n<\/p>\n<p><input class=\"wpcf7-form-control wpcf7-submit has-spinner\" type=\"submit\" value=\"Send\" \/>\n<\/p><div class=\"wpcf7-response-output\" aria-hidden=\"true\"><\/div>\n<\/form>\n<\/div><\/div><div  class=\"column dt-sc-one-third     \"   style=\"         \"><div class=\"dt-sc-margin20\"><\/div><h3 class=\"  \" >CONTACT INFO<\/h3>\n<div class=\"dt-sc-contact-info type2\"><div class=\"contact-icon\"><span class=\"fa fa-phone\"><\/span><h4>(+52) (55) 55.64.28.70 <\/h4><\/div>\r\n\t\t\t<\/div><div class=\"dt-sc-margin20\"><\/div><div class=\"dt-sc-contact-info type2\"><div class=\"contact-icon\"><span class=\"fa fa-envelope-o\"><\/span><h4><a href=\"mailto:hola@drmichellruiz.com\">hola@drmichellruiz.com<\/a><\/h4><\/div>\r\n\t\t\t<\/div><div class=\"dt-sc-margin20\"><\/div><div class=\"dt-sc-contact-info type2\"><div class=\"contact-icon\"><span class=\"fa fa-building\"><\/span><h4>TLACOTALPAN #59 Suite 730. M\u00e9xico City<\/h4><\/div>\r\n\t\t\t<\/div><div class=\"dt-sc-margin20\"><\/div><div class=\"dt-sc-contact-info type2\"><div class=\"contact-icon\"><span class=\"fa fa-calendar\"><\/span><h4><a href=\"https:\/\/bit.ly\/2EdVybH\">Request an Appointment here<\/a><\/h4><\/div>\r\n\t\t\t<\/div><div class=\"dt-sc-margin20\"><\/div><div class=\"dt-sc-contact-info type2\"><div class=\"contact-icon\"><span class=\"fa fa-book\"><\/span><h4><a href=\"https:\/\/bit.ly\/2D2JD3f\">Upload your medical images here<\/a><\/h4><\/div>\r\n\t\t\t<\/div><\/div><\/div><\/div>[\/vc_column_text][\/vc_column][\/vc_row][vc_row bg_type=&#8221;bg_color&#8221; bg_override=&#8221;full&#8221; seperator_enable=&#8221;seperator_enable_value&#8221; seperator_type=&#8221;tilt_left_seperator&#8221; seperator_position=&#8221;bottom_seperator&#8221; seperator_svg_height=&#8221;5&#8243; seperator_shape_background=&#8221;#00bab5&#8243; bg_color_value=&#8221;#ffffff&#8221;][vc_column][\/vc_column][\/vc_row]<\/p>\n<\/div>","protected":false},"excerpt":{"rendered":"<p>[vc_row bg_type=&#8221;bg_color&#8221; bg_override=&#8221;full&#8221; seperator_enable=&#8221;seperator_enable_value&#8221; seperator_type=&#8221;tilt_left_seperator&#8221; seperator_svg_height=&#8221;5&#8243; seperator_shape_background=&#8221;#00bab5&#8243; bg_color_value=&#8221;#ffffff&#8221;][vc_column][\/vc_column][\/vc_row][vc_row css=&#8221;.vc_custom_1614394170061{margin-top: -50px !important;}&#8221;][vc_column][vc_column_text] [\/vc_column_text][\/vc_column][\/vc_row][vc_row bg_type=&#8221;bg_color&#8221; bg_override=&#8221;full&#8221; seperator_enable=&#8221;seperator_enable_value&#8221; seperator_type=&#8221;tilt_left_seperator&#8221; seperator_position=&#8221;bottom_seperator&#8221; seperator_svg_height=&#8221;5&#8243; seperator_shape_background=&#8221;#00bab5&#8243; bg_color_value=&#8221;#ffffff&#8221;][vc_column][\/vc_column][\/vc_row]<\/p>\n","protected":false},"author":1,"featured_media":0,"parent":0,"menu_order":0,"comment_status":"open","ping_status":"closed","template":"tpl-fullwidth.php","meta":{"footnotes":""},"yoast_head":"<!-- This site is optimized with the Yoast SEO plugin v21.7 - https:\/\/yoast.com\/wordpress\/plugins\/seo\/ -->\n<title>Contact - Dr Michell Ruiz - Orthopedics, Sports Medicine &amp; Joint Replacement. M\u00e9xico City. Hospital \u00c1ngeles Metropolitano.<\/title>\n<meta name=\"description\" content=\"Dr Michell Ruiz - Especialista en Hombro, Codo, Rodilla. Ciudad de M\u00e9xico. Hospital \u00c1ngeles Metropolitano.\" \/>\n<meta name=\"robots\" content=\"index, follow, max-snippet:-1, max-image-preview:large, max-video-preview:-1\" \/>\n<link rel=\"canonical\" href=\"https:\/\/drmichellruiz.com\/en\/contact\" \/>\n<meta property=\"og:locale\" content=\"en_US\" \/>\n<meta property=\"og:type\" content=\"article\" \/>\n<meta property=\"og:title\" content=\"Contact - Dr Michell Ruiz - Orthopedics, Sports Medicine &amp; Joint Replacement. M\u00e9xico City. Hospital \u00c1ngeles Metropolitano.\" \/>\n<meta property=\"og:description\" content=\"Dr Michell Ruiz - Especialista en Hombro, Codo, Rodilla. Ciudad de M\u00e9xico. Hospital \u00c1ngeles Metropolitano.\" \/>\n<meta property=\"og:url\" content=\"https:\/\/drmichellruiz.com\/en\/contact\" \/>\n<meta property=\"og:site_name\" content=\"Dr Michell Ruiz - Orthopedics, Sports Medicine &amp; Joint Replacement. M\u00e9xico City. Hospital \u00c1ngeles Metropolitano.\" \/>\n<meta property=\"article:publisher\" content=\"https:\/\/www.facebook.com\/drmichellruiz\/\" \/>\n<meta property=\"article:modified_time\" content=\"2021-03-06T04:31:25+00:00\" \/>\n<meta name=\"twitter:card\" content=\"summary_large_image\" \/>\n<meta name=\"twitter:site\" content=\"@drmichellruiz\" \/>\n<meta name=\"twitter:label1\" content=\"Est. reading time\" \/>\n\t<meta name=\"twitter:data1\" content=\"1 minute\" \/>\n<script type=\"application\/ld+json\" class=\"yoast-schema-graph\">{\"@context\":\"https:\/\/schema.org\",\"@graph\":[{\"@type\":\"WebPage\",\"@id\":\"https:\/\/drmichellruiz.com\/en\/contact\",\"url\":\"https:\/\/drmichellruiz.com\/en\/contact\",\"name\":\"Contact - Dr Michell Ruiz - Orthopedics, Sports Medicine & Joint Replacement. M\u00e9xico City. Hospital \u00c1ngeles Metropolitano.\",\"isPartOf\":{\"@id\":\"https:\/\/drmichellruiz.com\/en\/#website\"},\"datePublished\":\"2021-02-24T00:02:03+00:00\",\"dateModified\":\"2021-03-06T04:31:25+00:00\",\"description\":\"Dr Michell Ruiz - Especialista en Hombro, Codo, Rodilla. Ciudad de M\u00e9xico. Hospital \u00c1ngeles Metropolitano.\",\"breadcrumb\":{\"@id\":\"https:\/\/drmichellruiz.com\/en\/contact#breadcrumb\"},\"inLanguage\":\"en-US\",\"potentialAction\":[{\"@type\":\"ReadAction\",\"target\":[\"https:\/\/drmichellruiz.com\/en\/contact\"]}]},{\"@type\":\"BreadcrumbList\",\"@id\":\"https:\/\/drmichellruiz.com\/en\/contact#breadcrumb\",\"itemListElement\":[{\"@type\":\"ListItem\",\"position\":1,\"name\":\"Portada\",\"item\":\"https:\/\/drmichellruiz.com\/en\"},{\"@type\":\"ListItem\",\"position\":2,\"name\":\"Contact\"}]},{\"@type\":\"WebSite\",\"@id\":\"https:\/\/drmichellruiz.com\/en\/#website\",\"url\":\"https:\/\/drmichellruiz.com\/en\/\",\"name\":\"Dr Michell Ruiz - Orthopedics, Sports Medicine & Joint Replacement. M\u00e9xico City. Hospital \u00c1ngeles Metropolitano.\",\"description\":\"Shoulder Specialty. Elbow Specialty. Knee Specialty. Hip Specialty. Arthroscopy. Sports Medicine\",\"potentialAction\":[{\"@type\":\"SearchAction\",\"target\":{\"@type\":\"EntryPoint\",\"urlTemplate\":\"https:\/\/drmichellruiz.com\/en\/?s={search_term_string}\"},\"query-input\":\"required name=search_term_string\"}],\"inLanguage\":\"en-US\"}]}<\/script>\n<!-- \/ Yoast SEO plugin. -->","yoast_head_json":{"title":"Contact - Dr Michell Ruiz - Orthopedics, Sports Medicine & Joint Replacement. M\u00e9xico City. Hospital \u00c1ngeles Metropolitano.","description":"Dr Michell Ruiz - Especialista en Hombro, Codo, Rodilla. Ciudad de M\u00e9xico. Hospital \u00c1ngeles Metropolitano.","robots":{"index":"index","follow":"follow","max-snippet":"max-snippet:-1","max-image-preview":"max-image-preview:large","max-video-preview":"max-video-preview:-1"},"canonical":"https:\/\/drmichellruiz.com\/en\/contact","og_locale":"en_US","og_type":"article","og_title":"Contact - Dr Michell Ruiz - Orthopedics, Sports Medicine & Joint Replacement. M\u00e9xico City. Hospital \u00c1ngeles Metropolitano.","og_description":"Dr Michell Ruiz - Especialista en Hombro, Codo, Rodilla. Ciudad de M\u00e9xico. Hospital \u00c1ngeles Metropolitano.","og_url":"https:\/\/drmichellruiz.com\/en\/contact","og_site_name":"Dr Michell Ruiz - Orthopedics, Sports Medicine & Joint Replacement. M\u00e9xico City. Hospital \u00c1ngeles Metropolitano.","article_publisher":"https:\/\/www.facebook.com\/drmichellruiz\/","article_modified_time":"2021-03-06T04:31:25+00:00","twitter_card":"summary_large_image","twitter_site":"@drmichellruiz","twitter_misc":{"Est. reading time":"1 minute"},"schema":{"@context":"https:\/\/schema.org","@graph":[{"@type":"WebPage","@id":"https:\/\/drmichellruiz.com\/en\/contact","url":"https:\/\/drmichellruiz.com\/en\/contact","name":"Contact - Dr Michell Ruiz - Orthopedics, Sports Medicine & Joint Replacement. M\u00e9xico City. Hospital \u00c1ngeles Metropolitano.","isPartOf":{"@id":"https:\/\/drmichellruiz.com\/en\/#website"},"datePublished":"2021-02-24T00:02:03+00:00","dateModified":"2021-03-06T04:31:25+00:00","description":"Dr Michell Ruiz - Especialista en Hombro, Codo, Rodilla. Ciudad de M\u00e9xico. Hospital \u00c1ngeles Metropolitano.","breadcrumb":{"@id":"https:\/\/drmichellruiz.com\/en\/contact#breadcrumb"},"inLanguage":"en-US","potentialAction":[{"@type":"ReadAction","target":["https:\/\/drmichellruiz.com\/en\/contact"]}]},{"@type":"BreadcrumbList","@id":"https:\/\/drmichellruiz.com\/en\/contact#breadcrumb","itemListElement":[{"@type":"ListItem","position":1,"name":"Portada","item":"https:\/\/drmichellruiz.com\/en"},{"@type":"ListItem","position":2,"name":"Contact"}]},{"@type":"WebSite","@id":"https:\/\/drmichellruiz.com\/en\/#website","url":"https:\/\/drmichellruiz.com\/en\/","name":"Dr Michell Ruiz - Orthopedics, Sports Medicine & Joint Replacement. M\u00e9xico City. Hospital \u00c1ngeles Metropolitano.","description":"Shoulder Specialty. Elbow Specialty. Knee Specialty. Hip Specialty. Arthroscopy. Sports Medicine","potentialAction":[{"@type":"SearchAction","target":{"@type":"EntryPoint","urlTemplate":"https:\/\/drmichellruiz.com\/en\/?s={search_term_string}"},"query-input":"required name=search_term_string"}],"inLanguage":"en-US"}]}},"_links":{"self":[{"href":"https:\/\/drmichellruiz.com\/en\/wp-json\/wp\/v2\/pages\/9814"}],"collection":[{"href":"https:\/\/drmichellruiz.com\/en\/wp-json\/wp\/v2\/pages"}],"about":[{"href":"https:\/\/drmichellruiz.com\/en\/wp-json\/wp\/v2\/types\/page"}],"author":[{"embeddable":true,"href":"https:\/\/drmichellruiz.com\/en\/wp-json\/wp\/v2\/users\/1"}],"replies":[{"embeddable":true,"href":"https:\/\/drmichellruiz.com\/en\/wp-json\/wp\/v2\/comments?post=9814"}],"version-history":[{"count":25,"href":"https:\/\/drmichellruiz.com\/en\/wp-json\/wp\/v2\/pages\/9814\/revisions"}],"predecessor-version":[{"id":10026,"href":"https:\/\/drmichellruiz.com\/en\/wp-json\/wp\/v2\/pages\/9814\/revisions\/10026"}],"wp:attachment":[{"href":"https:\/\/drmichellruiz.com\/en\/wp-json\/wp\/v2\/media?parent=9814"}],"curies":[{"name":"wp","href":"https:\/\/api.w.org\/{rel}","templated":true}]}}