{"id":9834,"date":"2021-02-24T01:00:01","date_gmt":"2021-02-24T01:00:01","guid":{"rendered":"https:\/\/drmichellruiz.com\/?page_id=9834"},"modified":"2021-03-06T05:28:38","modified_gmt":"2021-03-06T05:28:38","slug":"about-me","status":"publish","type":"page","link":"https:\/\/drmichellruiz.com\/en\/about-me","title":{"rendered":"About me"},"content":{"rendered":"<div class=\"wpb-content-wrapper\"><p>[vc_row content_placement=&#8221;top&#8221; bg_type=&#8221;bg_color&#8221; bg_override=&#8221;ex-full&#8221; seperator_enable=&#8221;seperator_enable_value&#8221; seperator_type=&#8221;tilt_left_seperator&#8221; seperator_svg_height=&#8221;5&#8243; seperator_shape_background=&#8221;#00bab5&#8243; bg_color_value=&#8221;#ffffff&#8221;][vc_column][\/vc_column][\/vc_row][vc_row][vc_column width=&#8221;1\/6&#8243;][\/vc_column][vc_column width=&#8221;2\/3&#8243; css=&#8221;.vc_custom_1602709852951{margin-left: 10px !important;}&#8221;]<div class=\"smile_icon_list_wrap ult_info_list_container ult-adjust-bottom-margin   vc_custom_1602709867946\"><ul class=\"smile_icon_list left circle with_bg\"><li class=\"icon_list_item\" style=\" font-size:105px;\"><div class=\"icon_list_icon\" data-animation=\"fadeInUp\" data-animation-delay=\"03\" style=\"font-size:35px;border-width:1px;border-style:none;background:#ffffff;color:#d1d1d1;border-color:#333333;\"><img decoding=\"async\" class=\"list-img-icon\" alt=\"null\" src=\"https:\/\/drmichellruiz.com\/wp-content\/uploads\/2020\/10\/010-ideas.png\"\/><\/div><div class=\"icon_description\" id=\"Info-list-wrap-8887\" style=\"font-size:35px;\"><h2 class=\"ult-responsive info-list-heading\"  data-ultimate-target='#Info-list-wrap-8887 h2'  data-responsive-json-new='{\"font-size\":\"desktop:16px;\",\"line-height\":\"desktop:24px;\"}'  style=\"\">PROFESSIONAL STUDIES<\/h2><div class=\"icon_description_text ult-responsive\"  data-ultimate-target='#Info-list-wrap-8887 .icon_description_text'  data-responsive-json-new='{\"font-size\":\"desktop:13px;\",\"line-height\":\"desktop:18px;\"}'  style=\"\"><hr \/>\n<h4><i class=\"fas fa-check\"\"><\/i> 1994- 2000 Bachelor\u2019s Degree: Medicine\u2013 Universidad Nacional Aut\u00f3noma de M\u00e9xico (UNAM)<\/h4>\n<h4><i class=\"fas fa-check\"\"><\/i> 2001-2005: Residency in Orthopedic Surgery- Centro Nacional de Rehabilitaci\u00f3n \u2013 Ortopedia National Rehabilitation Center \u2013 Orthopedic Surgery Professional License 4452527<\/h4>\n<h4><i class=\"fas fa-check\"\"><\/i> 2005 Mexican Orthopedic Board Certification. License CE4563DF05<\/h4>\n<h4><i class=\"fas fa-check\"\"><\/i> 2005: Arthroscopy and Sports Medicine Fellowship \u2013 Plano Orthopedic and Sports Center, Plano, Texas, USA. Program Director: F. Alan Barber MD, FACS<\/h4>\n<h4><i class=\"fas fa-check\"\"><\/i> 2005: Joint Surgery Fellowship (Arthroscopy and Adult Joint Replacement) \u2013 National Rehabilitation Institute, Mexico City, Mexico. Program Director: Dr. Jos\u00e9 Manuel Aguilera\/Dr. Jos\u00e9 Clemente Ibarra<\/h4>\n<h4><i class=\"fas fa-check\"\"><\/i> 2006-2007: Shoulder and Elbow Reconstruction Fellowship. National Rehabilitation Institute. Mexico City, Mexico. Program Director: Dr. Fernando Valero<\/h4>\n<h4><i class=\"fas fa-check\"\"><\/i> 2006-2007: Masters Degree in Medical Sciences. School of Medicine, UNAM \u2013 CONCYT (National Council of Technology and Sciences). Professional License 6014132<\/h4>\n<h4><i class=\"fas fa-check\"\"><\/i> 2006: Awarded with the Arthroscopy Association of North America (AANA) Traveling Fellowship<\/h4>\n<h4><i class=\"fas fa-check\"\"><\/i> 2010-2012: Doctor in Philosophy Degree. School of Medicine, UNAM \u2013 CONACYT. Candidacy obtained. Professional License (Pending)<\/h4>\n<\/div><\/div><div class=\"icon_list_connector\"  style=\"border: none !important;\"><\/div><\/li><li class=\"icon_list_item\" style=\" font-size:105px;\"><div class=\"icon_list_icon\" data-animation=\"fadeInUp\" data-animation-delay=\"03\" style=\"font-size:35px;border-width:1px;border-style:none;background:#ffffff;color:#d1d1d1;border-color:#333333;\"><img decoding=\"async\" class=\"list-img-icon\" alt=\"null\" src=\"https:\/\/drmichellruiz.com\/wp-content\/uploads\/2020\/10\/029-student.png\"\/><\/div><div class=\"icon_description\" id=\"Info-list-wrap-1376\" style=\"font-size:35px;\"><h3 class=\"ult-responsive info-list-heading\"  data-ultimate-target='#Info-list-wrap-1376 h3'  data-responsive-json-new='{\"font-size\":\"desktop:16px;\",\"line-height\":\"desktop:24px;\"}'  style=\"\">WORK HISTORY<\/h3><div class=\"icon_description_text ult-responsive\"  data-ultimate-target='#Info-list-wrap-1376 .icon_description_text'  data-responsive-json-new='{\"font-size\":\"desktop:13px;\",\"line-height\":\"desktop:18px;\"}'  style=\"\"><hr \/>\n<h4 style=\"text-align: left;\"><i class=\"fas fa-check\"\"><\/i> 2007 to date: Attending Physician \u2013 Instituto Nacional de Rehabilitaci\u00f3n \u2013 Shoulder and Elbow Surgery Department<\/h4>\n<h4 style=\"text-align: left;\"><i class=\"fas fa-check\"\"><\/i> 2008 to date: Attending Physician (Partner) \u2013 Traumatologia Deportiva y Cirug\u00eda Articular de M\u00e9xico S.C. Hospital \u00c1ngeles Metropolitano<\/h4>\n<h4 style=\"text-align: left;\"><i class=\"fas fa-check\"\"><\/i> 2008-2015:Team Physician \u2013 Club Universidad Nacional A.C. (Mexican Professional Soccer League) \u2013 Federaci\u00f3n Mexicana de Futbol<\/h4>\n<h4 style=\"text-align: left;\"><i class=\"fas fa-check\"\"><\/i> 2010: Team Physician \u2013 Mexican National Team \u2013 World Cup 2014 South Africa.<\/h4>\n<h4 style=\"text-align: left;\"><i class=\"fas fa-check\"\"><\/i> 2010 to date:ConMed Linvatec Paid Consultant. Shoulder and Knee Arthroscopy<\/h4>\n<h4 style=\"text-align: left;\"><i class=\"fas fa-check\"\"><\/i> 2018 to date:Zimmer Biomet Paid Consultant. Shoulder and Elbow Reconstruction<\/h4>\n<h4 style=\"text-align: left;\"><i class=\"fas fa-check\"\"><\/i> 2019 to date: Depuy Synthes Paid Consultant. Shoulder Reconstruction<\/h4>\n<h4 style=\"text-align: left;\"><i class=\"fas fa-check\"\"><\/i> 2011 to date:National Investigator Level 1. National Counsel of Investigation and Technology \u2013 Mexico (CONACYT)<\/h4>\n<h4 style=\"text-align: left;\"><i class=\"fas fa-check\"\"><\/i> 2015 to date:Team Physician \u2013 Varsity Football, Baseball, Female Soccer and Wrestling teams. Universidad Nacional Aut\u00f3noma de M\u00e9xico<\/h4>\n<\/div><\/div><div class=\"icon_list_connector\"  style=\"border: none !important;\"><\/div><\/li><li class=\"icon_list_item\" style=\" font-size:105px;\"><div class=\"icon_list_icon\" data-animation=\"fadeInUp\" data-animation-delay=\"03\" style=\"font-size:35px;border-width:1px;border-style:none;background:#ffffff;color:#d1d1d1;border-color:#333333;\"><img decoding=\"async\" class=\"list-img-icon\" alt=\"null\" src=\"https:\/\/drmichellruiz.com\/wp-content\/uploads\/2020\/10\/034-flag.png\"\/><\/div><div class=\"icon_description\" id=\"Info-list-wrap-5880\" style=\"font-size:35px;\"><h3 class=\"ult-responsive info-list-heading\"  data-ultimate-target='#Info-list-wrap-5880 h3'  data-responsive-json-new='{\"font-size\":\"desktop:16px;\",\"line-height\":\"desktop:24px;\"}'  style=\"\">AWARDS AND DISTINCTIONS<\/h3><div class=\"icon_description_text ult-responsive\"  data-ultimate-target='#Info-list-wrap-5880 .icon_description_text'  data-responsive-json-new='{\"font-size\":\"desktop:13px;\",\"line-height\":\"desktop:18px;\"}'  style=\"\"><hr \/>\n<h4><i class=\"fas fa-check\"\"><\/i> 2nd Place of the 1999 Class. School of Medicine. UNAM<\/h4>\n<h4><i class=\"fas fa-check\"\"><\/i> Member of the Education Excellence Nucleii, School of Medicine (1994-2000)<\/h4>\n<h4><i class=\"fas fa-check\"\"><\/i> Tutorial Program for the Excellence in Education Nucleii \u2013 School of Medicine \u2013 Dr. Antonio Miguel L. (1994-2000)<\/h4>\n<h4><i class=\"fas fa-check\"\"><\/i> Director of the Resident\u2019s National Committee. Mexican Orthopedic Society (2004-2005)<\/h4>\n<h4><i class=\"fas fa-check\"\"><\/i>\u00a0Third Place of the Mexican Orthopedic Board Certification Examination (2005)<\/h4>\n<h4><i class=\"fas fa-check\"\"><\/i>\u00a0Diploma to the Academic Excellence. Aventis Foundation (2004)<\/h4>\n<h4><i class=\"fas fa-check\"\"><\/i>\u00a02013 Reviewer of the Year \u2013 Arthroscopy Journal &#8211; Elsevier<\/h4>\n<\/div><\/div><div class=\"icon_list_connector\"  style=\"border: none !important;\"><\/div><\/li><li class=\"icon_list_item\" style=\" font-size:105px;\"><div class=\"icon_list_icon\" data-animation=\"fadeInUp\" data-animation-delay=\"03\" style=\"font-size:35px;border-width:1px;border-style:none;background:#ffffff;color:#d1d1d1;border-color:#333333;\"><img decoding=\"async\" class=\"list-img-icon\" alt=\"null\" src=\"https:\/\/drmichellruiz.com\/wp-content\/uploads\/2020\/10\/012-mortarboard.png\"\/><\/div><div class=\"icon_description\" id=\"Info-list-wrap-2024\" style=\"font-size:35px;\"><h3 class=\"ult-responsive info-list-heading\"  data-ultimate-target='#Info-list-wrap-2024 h3'  data-responsive-json-new='{\"font-size\":\"desktop:16px;\",\"line-height\":\"desktop:24px;\"}'  style=\"\">TEACHING EXPERIENCE<\/h3><div class=\"icon_description_text ult-responsive\"  data-ultimate-target='#Info-list-wrap-2024 .icon_description_text'  data-responsive-json-new='{\"font-size\":\"desktop:13px;\",\"line-height\":\"desktop:18px;\"}'  style=\"\"><hr \/>\n<h4><i class=\"fas fa-check\"\"><\/i> 2010 to date: Associate Professor \u2013 Shoulder and Elbow Surgery Fellowship \u2013 Instituto Nacional de Rehabilitaci\u00f3n. Mexico City, Mexico.<\/h4>\n<h4><i class=\"fas fa-check\"\"><\/i> 2011 to date: Associate Professor \u2013 Arthroscopy and Sports Medicine Fellowship \u2013 Hospital \u00c1ngeles Metropolitano. Mexico City, Mexico<\/h4>\n<\/div><\/div><div class=\"icon_list_connector\"  style=\"border: none !important;\"><\/div><\/li><li class=\"icon_list_item\" style=\" font-size:105px;\"><div class=\"icon_list_icon\" data-animation=\"fadeInUp\" data-animation-delay=\"03\" style=\"font-size:35px;border-width:1px;border-style:none;background:#ffffff;color:#d1d1d1;border-color:#333333;\"><img decoding=\"async\" class=\"list-img-icon\" alt=\"null\" src=\"https:\/\/drmichellruiz.com\/wp-content\/uploads\/2020\/10\/028-test.png\"\/><\/div><div class=\"icon_description\" id=\"Info-list-wrap-5927\" style=\"font-size:35px;\"><h3 class=\"ult-responsive info-list-heading\"  data-ultimate-target='#Info-list-wrap-5927 h3'  data-responsive-json-new='{\"font-size\":\"desktop:16px;\",\"line-height\":\"desktop:24px;\"}'  style=\"\">PUBLICATIONS<\/h3><div class=\"icon_description_text ult-responsive\"  data-ultimate-target='#Info-list-wrap-5927 .icon_description_text'  data-responsive-json-new='{\"font-size\":\"desktop:13px;\",\"line-height\":\"desktop:18px;\"}'  style=\"\"><hr \/>\n<h4><i class=\"fas fa-check\"\"><\/i> Since 2005, Reviewer for the Journal of Arthroscopic and Related Surgery (Elsevier Editorial Systems)<\/h4>\n<h4><i class=\"fas fa-check\"\"><\/i> Since January 2007 Member of the Editorial Board of the Journal of Arthroscopic and Related Surgery<\/h4>\n<h4><i class=\"fas fa-check\"\"><\/i> Since September 2007 Reviewer for the Acta Ortopedica Mexicana<\/h4>\n<h4><i class=\"fas fa-check\"\"><\/i> Since January 2008 Reviewer for the American Journal of Sports Medicine<\/h4>\n<h4><i class=\"fas fa-check\"\"><\/i> Since March 2009 Principal Reviewer for the American Journal of Sports Medicine<\/h4>\n<h4><i class=\"fas fa-check\"\"><\/i> Since March 2012 Reviewer for the Journal of Shoulder and Elbow Surgery<\/h4>\n<h4><i class=\"fas fa-check\"\"><\/i> Since June 2014 Reviewer for the Sports Medicine and Arthroscopy Review Journal<\/h4>\n<h4><i class=\"fas fa-check\"\"><\/i> Since June 2017 Editorial Board Member of the Sports Medicine and Arthroscopy Review Journal<\/h4>\n<h4><i class=\"fas fa-check\"\"><\/i> Since 2014 Associate Editor of the Acta Ortopedica Mexicana<\/h4>\n<\/div><\/div><div class=\"icon_list_connector\"  style=\"border: none !important;\"><\/div><\/li><li class=\"icon_list_item\" style=\" font-size:105px;\"><div class=\"icon_list_icon\" data-animation=\"fadeInUp\" data-animation-delay=\"03\" style=\"font-size:35px;border-width:1px;border-style:none;background:#ffffff;color:#d1d1d1;border-color:#333333;\"><img decoding=\"async\" class=\"list-img-icon\" alt=\"null\" src=\"https:\/\/drmichellruiz.com\/wp-content\/uploads\/2020\/10\/026-file-1.png\"\/><\/div><div class=\"icon_description\" id=\"Info-list-wrap-9579\" style=\"font-size:35px;\"><h3 class=\"ult-responsive info-list-heading\"  data-ultimate-target='#Info-list-wrap-9579 h3'  data-responsive-json-new='{\"font-size\":\"desktop:16px;\",\"line-height\":\"desktop:24px;\"}'  style=\"\">PROFESSIONAL SOCIETIES MEMBERSHIP &amp; EXECUTIVE POSITIONS<\/h3><div class=\"icon_description_text ult-responsive\"  data-ultimate-target='#Info-list-wrap-9579 .icon_description_text'  data-responsive-json-new='{\"font-size\":\"desktop:13px;\",\"line-height\":\"desktop:18px;\"}'  style=\"\"><hr \/>\n<h4><i class=\"fas fa-check\"\"><\/i> Colegio Mexicano de Ortopedia y Traumatolog\u00eda AC (Active Member)<\/h4>\n<h4><i class=\"fas fa-check\"\"><\/i> Asociaci\u00f3n Mexicana de Cirug\u00eda Reconstructiva Articular y Artroscopia (Active Member)<\/h4>\n<h4><i class=\"fas fa-check\"\"><\/i>\u00a0 Sociedad Mexicana de Cirujanos de Hombro y Codo (Founding and Active member)<\/h4>\n<h4><i class=\"fas fa-check\"\"><\/i>\u00a0 Arthroscopy Association of North America (Active Member)<\/h4>\n<h4><i class=\"fas fa-check\"\"><\/i>\u00a0 International Society for Arthroscopy, Knee Surgery and Orthopedic Sports Medicine (Associate Member)<\/h4>\n<h4><i class=\"fas fa-check\"\"><\/i>\u00a02013 Director of the Scientific Committee of the Asociaci\u00f3n Mexicana de Cirug\u00eda Articular y Artroscopia (AMECRA)<\/h4>\n<h4><i class=\"fas fa-check\"\"><\/i>\u00a02014 Director of the Research Committee of the Asociaci\u00f3n Mexicana de Cirug\u00eda Articular and Artroscopia<\/h4>\n<h4><i class=\"fas fa-check\"\"><\/i>\u00a02015-2016 Director of the Scientific Committee of the Asociaci\u00f3n Mexicana de Cirug\u00eda Articular y Artroscopia (AMECRA)<\/h4>\n<h4><i class=\"fas fa-check\"\"><\/i>\u00a02016-2018 Vice President of the Mexican Society of Shoulder and Elbow Surgeons<\/h4>\n<h4><i class=\"fas fa-check\"\"><\/i>\u00a02018-2020 President of the Mexican Society of Shoulder and Elbow Surgeons<\/h4>\n<\/div><\/div><div class=\"icon_list_connector\"  style=\"border: none !important;\"><\/div><\/li><\/ul><\/div><div id=\"ultimate-heading-702869e9fc5b6988c\" class=\"uvc-heading ult-adjust-bottom-margin ultimate-heading-702869e9fc5b6988c uvc-7447 \" data-hspacer=\"no_spacer\"  data-halign=\"center\" style=\"text-align:center\"><div class=\"uvc-heading-spacer no_spacer\" style=\"top\"><\/div><div class=\"uvc-main-heading ult-responsive\"  data-ultimate-target='.uvc-heading.ultimate-heading-702869e9fc5b6988c h2'  data-responsive-json-new='{\"font-size\":\"desktop:25px;\",\"line-height\":\"\"}' ><h2 style=\"font-weight:normal;\">SPANISH AND ENGLISH 100% (SPOKEN AND WRITTEN)<\/h2><\/div><\/div>[vc_empty_space][\/vc_column][vc_column width=&#8221;1\/6&#8243;][\/vc_column][\/vc_row][vc_row css_animation=&#8221;fadeInUp&#8221; bg_type=&#8221;bg_color&#8221; seperator_enable=&#8221;seperator_enable_value&#8221; seperator_type=&#8221;tilt_left_seperator&#8221; seperator_position=&#8221;bottom_seperator&#8221; seperator_svg_height=&#8221;5&#8243; seperator_shape_background=&#8221;#00bab5&#8243; bg_color_value=&#8221;#598aaf&#8221;][vc_column][vc_column_text]<\/p>\n<h4 class=\" \" style=\"text-align: center;\"><span style=\"color: #ffffff;\"><strong>Hospital \u00c1ngeles Metropolitano &#8211; M\u00e9xico City<\/strong><\/span><\/h4>\n<h4 class=\" \" style=\"text-align: center;\"><span style=\"color: #ffffff;\"><strong>Phone (+52) (55) 55.64.28.70<\/strong><\/span><\/h4>\n<p>[\/vc_column_text]\r\n\t\t\t<div class=\"ult_dual_button  ult-adjust-bottom-margin to-center  \"  data-response=\"on\" id=\"ult_btn_2115804979\">\r\n\r\n\t\t\t<div id=\"dualbtn-9274\" class=\"ulitmate_dual_buttons ult-dual-btn ult_main_dualbtn \" data-bcolor=\"#ffffff\"data-bhcolor=\"\">\r\n\r\n\t\t\t<div class=\"ult_dualbutton-wrapper btn-inline place-template bt1 \"><a href=\"https:\/\/drmichellruiz.com\/en\/contact\" title=\"Contact\"  class=\"ult_ivan_button round-square with-icon icon-before with-text place-template ult_dual1\" style=\";margin-right:px;;background-color:#00bab5 !important;; border-color:#ffffff;border-style:solid;border-width:2px;border-radius:2px;;\">\r\n\t\t\t<span class=\"ult-dual-btn-1 Style 1\" style=\"\"  data-bgcolor=\"#00bab5\" data-bghovercolor=\"#00d6cf\" data-icon_color=\"#333333\" data-icon_hover_color=\"#333333\" data-textcolor=\"#ffffff\" data-texthovercolor=\"#000000\" data-iconbgcolor=\"transperent\" data-iconbghovercolor=\"transperent\" data-iconborder=\"transperent\" data-iconhoverborder=\"transperent\" >\r\n\t\t\t<span class=\"icon-simple icon-left1 ult_btn1span ult-dual-btn-no-icon\"  style=\";padding-left:0px; \"><\/span>\r\n\t\t\t<span class=\"text-btn ult-dual-button-title ult-responsive\"  data-ultimate-target='#dualbtn-9274 .ult-dual-button-title'  data-responsive-json-new='{\"font-size\":\"desktop:15px;\",\"line-height\":\"desktop:15px;\"}'  style=\"font-weight:bold;color:#ffffff;\">OUR LOCATION - VIEW MAP<\/span>\r\n\r\n\t\t\t<\/span>\r\n\t\t\t<\/a><span class=\"middle-text\" style=\"line-height: 1.8em;color:#ffffff;background-color:#000000;border-width:0px;\">\r\n\t\t\t<span class=\"middle-inner\"  >O<\/span>\r\n\t\t\t<\/span>\r\n\r\n\t\t\t<\/div>\r\n\r\n\t\t\t<div class=\"ult_dualbutton-wrapper btn-inline place-template btn2 \"><a href=\"https:\/\/bit.ly\/3ehCRa2\" target=\"_blank\" rel=\"noopener\"  class=\"ult_ivan_button round-square with-icon icon-after with-text place-template ult_dual2\"  style=\";background-color:#00bab5 !important;;margin-left:px;;border-color:#ffffff;border-style:solid;border-width:2px;border-radius:2px;\">\r\n\t\t\t<span class=\"ult-dual-btn-2 Style 1\"  data-bgcolor=\"#00bab5\" data-bghovercolor=\"#00d6cf\" data-icon_color=\"#333333\" data-icon_hover_color=\"#333333\" data-textcolor=\"#ffffff\" data-texthovercolor=\"#000000\" data-iconbgcolor=\"transperent\" data-iconbghovercolor=\"transperent\" data-iconborder=\"transperent\" data-iconhoverborder=\"transperent\" >\r\n\t\t\t<span class=\"text-btn ult-dual-button-title\" style=\"font-weight:bold;color:#ffffff;\">SCHEDULE AN APPOINTMENT<\/span>\r\n\r\n\t\t\t<span class=\"icon-simple icon-right2 ult_btn1span ult-dual-btn-no-icon\"  style=\";padding-left:0px; \"><\/span>\r\n\t\t\t<\/span>\r\n\t\t\t<\/a><\/div>\r\n\t\t\t<\/div>\r\n\t\t\t<\/div>[\/vc_column][\/vc_row]<\/p>\n<\/div>","protected":false},"excerpt":{"rendered":"<p>[vc_row content_placement=&#8221;top&#8221; bg_type=&#8221;bg_color&#8221; bg_override=&#8221;ex-full&#8221; seperator_enable=&#8221;seperator_enable_value&#8221; seperator_type=&#8221;tilt_left_seperator&#8221; seperator_svg_height=&#8221;5&#8243; seperator_shape_background=&#8221;#00bab5&#8243; bg_color_value=&#8221;#ffffff&#8221;][vc_column][\/vc_column][\/vc_row][vc_row][vc_column width=&#8221;1\/6&#8243;][\/vc_column][vc_column width=&#8221;2\/3&#8243; css=&#8221;.vc_custom_1602709852951{margin-left: 10px !important;}&#8221;][vc_empty_space][\/vc_column][vc_column width=&#8221;1\/6&#8243;][\/vc_column][\/vc_row][vc_row css_animation=&#8221;fadeInUp&#8221; bg_type=&#8221;bg_color&#8221; seperator_enable=&#8221;seperator_enable_value&#8221; seperator_type=&#8221;tilt_left_seperator&#8221; seperator_position=&#8221;bottom_seperator&#8221; seperator_svg_height=&#8221;5&#8243; seperator_shape_background=&#8221;#00bab5&#8243; bg_color_value=&#8221;#598aaf&#8221;][vc_column][vc_column_text] Hospital \u00c1ngeles Metropolitano &#8211; M\u00e9xico City Phone (+52) (55) 55.64.28.70 [\/vc_column_text][\/vc_column][\/vc_row]<\/p>\n","protected":false},"author":1,"featured_media":0,"parent":0,"menu_order":0,"comment_status":"closed","ping_status":"closed","template":"tpl-fullwidth.php","meta":{"footnotes":""},"yoast_head":"<!-- This site is optimized with the Yoast SEO plugin v21.7 - https:\/\/yoast.com\/wordpress\/plugins\/seo\/ -->\n<title>About me - Dr Michell Ruiz - Orthopedics, Sports Medicine &amp; Joint Replacement. M\u00e9xico City. Hospital \u00c1ngeles Metropolitano.<\/title>\n<meta name=\"description\" content=\"Dr Michell Ruiz - Especialista en Hombro, Codo, Rodilla. Ciudad de M\u00e9xico. Hospital \u00c1ngeles Metropolitano.\" \/>\n<meta name=\"robots\" content=\"index, follow, max-snippet:-1, max-image-preview:large, max-video-preview:-1\" \/>\n<link rel=\"canonical\" href=\"https:\/\/drmichellruiz.com\/en\/about-me\" \/>\n<meta property=\"og:locale\" content=\"en_US\" \/>\n<meta property=\"og:type\" content=\"article\" \/>\n<meta property=\"og:title\" content=\"About me - Dr Michell Ruiz - Orthopedics, Sports Medicine &amp; Joint Replacement. M\u00e9xico City. Hospital \u00c1ngeles Metropolitano.\" \/>\n<meta property=\"og:description\" content=\"Dr Michell Ruiz - Especialista en Hombro, Codo, Rodilla. Ciudad de M\u00e9xico. Hospital \u00c1ngeles Metropolitano.\" \/>\n<meta property=\"og:url\" content=\"https:\/\/drmichellruiz.com\/en\/about-me\" \/>\n<meta property=\"og:site_name\" content=\"Dr Michell Ruiz - Orthopedics, Sports Medicine &amp; Joint Replacement. M\u00e9xico City. Hospital \u00c1ngeles Metropolitano.\" \/>\n<meta property=\"article:publisher\" content=\"https:\/\/www.facebook.com\/drmichellruiz\/\" \/>\n<meta property=\"article:modified_time\" content=\"2021-03-06T05:28:38+00:00\" \/>\n<meta name=\"twitter:card\" content=\"summary_large_image\" \/>\n<meta name=\"twitter:site\" content=\"@drmichellruiz\" \/>\n<meta name=\"twitter:label1\" content=\"Est. reading time\" \/>\n\t<meta name=\"twitter:data1\" content=\"4 minutes\" \/>\n<script type=\"application\/ld+json\" class=\"yoast-schema-graph\">{\"@context\":\"https:\/\/schema.org\",\"@graph\":[{\"@type\":\"WebPage\",\"@id\":\"https:\/\/drmichellruiz.com\/en\/about-me\",\"url\":\"https:\/\/drmichellruiz.com\/en\/about-me\",\"name\":\"About me - Dr Michell Ruiz - Orthopedics, Sports Medicine & Joint Replacement. M\u00e9xico City. Hospital \u00c1ngeles Metropolitano.\",\"isPartOf\":{\"@id\":\"https:\/\/drmichellruiz.com\/en\/#website\"},\"datePublished\":\"2021-02-24T01:00:01+00:00\",\"dateModified\":\"2021-03-06T05:28:38+00:00\",\"description\":\"Dr Michell Ruiz - Especialista en Hombro, Codo, Rodilla. Ciudad de M\u00e9xico. Hospital \u00c1ngeles Metropolitano.\",\"breadcrumb\":{\"@id\":\"https:\/\/drmichellruiz.com\/en\/about-me#breadcrumb\"},\"inLanguage\":\"en-US\",\"potentialAction\":[{\"@type\":\"ReadAction\",\"target\":[\"https:\/\/drmichellruiz.com\/en\/about-me\"]}]},{\"@type\":\"BreadcrumbList\",\"@id\":\"https:\/\/drmichellruiz.com\/en\/about-me#breadcrumb\",\"itemListElement\":[{\"@type\":\"ListItem\",\"position\":1,\"name\":\"Portada\",\"item\":\"https:\/\/drmichellruiz.com\/en\"},{\"@type\":\"ListItem\",\"position\":2,\"name\":\"About me\"}]},{\"@type\":\"WebSite\",\"@id\":\"https:\/\/drmichellruiz.com\/en\/#website\",\"url\":\"https:\/\/drmichellruiz.com\/en\/\",\"name\":\"Dr Michell Ruiz - Orthopedics, Sports Medicine & Joint Replacement. M\u00e9xico City. Hospital \u00c1ngeles Metropolitano.\",\"description\":\"Shoulder Specialty. Elbow Specialty. Knee Specialty. Hip Specialty. Arthroscopy. Sports Medicine\",\"potentialAction\":[{\"@type\":\"SearchAction\",\"target\":{\"@type\":\"EntryPoint\",\"urlTemplate\":\"https:\/\/drmichellruiz.com\/en\/?s={search_term_string}\"},\"query-input\":\"required name=search_term_string\"}],\"inLanguage\":\"en-US\"}]}<\/script>\n<!-- \/ Yoast SEO plugin. -->","yoast_head_json":{"title":"About me - Dr Michell Ruiz - Orthopedics, Sports Medicine & Joint Replacement. M\u00e9xico City. Hospital \u00c1ngeles Metropolitano.","description":"Dr Michell Ruiz - Especialista en Hombro, Codo, Rodilla. Ciudad de M\u00e9xico. Hospital \u00c1ngeles Metropolitano.","robots":{"index":"index","follow":"follow","max-snippet":"max-snippet:-1","max-image-preview":"max-image-preview:large","max-video-preview":"max-video-preview:-1"},"canonical":"https:\/\/drmichellruiz.com\/en\/about-me","og_locale":"en_US","og_type":"article","og_title":"About me - Dr Michell Ruiz - Orthopedics, Sports Medicine & Joint Replacement. M\u00e9xico City. Hospital \u00c1ngeles Metropolitano.","og_description":"Dr Michell Ruiz - Especialista en Hombro, Codo, Rodilla. Ciudad de M\u00e9xico. Hospital \u00c1ngeles Metropolitano.","og_url":"https:\/\/drmichellruiz.com\/en\/about-me","og_site_name":"Dr Michell Ruiz - Orthopedics, Sports Medicine & Joint Replacement. M\u00e9xico City. Hospital \u00c1ngeles Metropolitano.","article_publisher":"https:\/\/www.facebook.com\/drmichellruiz\/","article_modified_time":"2021-03-06T05:28:38+00:00","twitter_card":"summary_large_image","twitter_site":"@drmichellruiz","twitter_misc":{"Est. reading time":"4 minutes"},"schema":{"@context":"https:\/\/schema.org","@graph":[{"@type":"WebPage","@id":"https:\/\/drmichellruiz.com\/en\/about-me","url":"https:\/\/drmichellruiz.com\/en\/about-me","name":"About me - Dr Michell Ruiz - Orthopedics, Sports Medicine & Joint Replacement. M\u00e9xico City. Hospital \u00c1ngeles Metropolitano.","isPartOf":{"@id":"https:\/\/drmichellruiz.com\/en\/#website"},"datePublished":"2021-02-24T01:00:01+00:00","dateModified":"2021-03-06T05:28:38+00:00","description":"Dr Michell Ruiz - Especialista en Hombro, Codo, Rodilla. Ciudad de M\u00e9xico. Hospital \u00c1ngeles Metropolitano.","breadcrumb":{"@id":"https:\/\/drmichellruiz.com\/en\/about-me#breadcrumb"},"inLanguage":"en-US","potentialAction":[{"@type":"ReadAction","target":["https:\/\/drmichellruiz.com\/en\/about-me"]}]},{"@type":"BreadcrumbList","@id":"https:\/\/drmichellruiz.com\/en\/about-me#breadcrumb","itemListElement":[{"@type":"ListItem","position":1,"name":"Portada","item":"https:\/\/drmichellruiz.com\/en"},{"@type":"ListItem","position":2,"name":"About me"}]},{"@type":"WebSite","@id":"https:\/\/drmichellruiz.com\/en\/#website","url":"https:\/\/drmichellruiz.com\/en\/","name":"Dr Michell Ruiz - Orthopedics, Sports Medicine & Joint Replacement. M\u00e9xico City. Hospital \u00c1ngeles Metropolitano.","description":"Shoulder Specialty. Elbow Specialty. Knee Specialty. Hip Specialty. Arthroscopy. Sports Medicine","potentialAction":[{"@type":"SearchAction","target":{"@type":"EntryPoint","urlTemplate":"https:\/\/drmichellruiz.com\/en\/?s={search_term_string}"},"query-input":"required name=search_term_string"}],"inLanguage":"en-US"}]}},"_links":{"self":[{"href":"https:\/\/drmichellruiz.com\/en\/wp-json\/wp\/v2\/pages\/9834"}],"collection":[{"href":"https:\/\/drmichellruiz.com\/en\/wp-json\/wp\/v2\/pages"}],"about":[{"href":"https:\/\/drmichellruiz.com\/en\/wp-json\/wp\/v2\/types\/page"}],"author":[{"embeddable":true,"href":"https:\/\/drmichellruiz.com\/en\/wp-json\/wp\/v2\/users\/1"}],"replies":[{"embeddable":true,"href":"https:\/\/drmichellruiz.com\/en\/wp-json\/wp\/v2\/comments?post=9834"}],"version-history":[{"count":6,"href":"https:\/\/drmichellruiz.com\/en\/wp-json\/wp\/v2\/pages\/9834\/revisions"}],"predecessor-version":[{"id":10234,"href":"https:\/\/drmichellruiz.com\/en\/wp-json\/wp\/v2\/pages\/9834\/revisions\/10234"}],"wp:attachment":[{"href":"https:\/\/drmichellruiz.com\/en\/wp-json\/wp\/v2\/media?parent=9834"}],"curies":[{"name":"wp","href":"https:\/\/api.w.org\/{rel}","templated":true}]}}